{"id":695,"date":"2016-02-05T11:59:27","date_gmt":"2016-02-05T11:59:27","guid":{"rendered":"http:\/\/paginas.fe.up.pt\/~dpep\/?page_id=695"},"modified":"2020-01-24T12:09:49","modified_gmt":"2020-01-24T12:09:49","slug":"clipping","status":"publish","type":"page","link":"https:\/\/fe.up.pt\/dpep\/clipping\/","title":{"rendered":"Clipping"},"content":{"rendered":"<p>Not\u00edcia sobre o DPEP e InterPares | JPN Jornal Porto Net | 04.01.2016 | <a href=\"http:\/\/jpn.up.pt\/2016\/02\/04\/de-par-em-par-professores-reflexao-sala-aula\/\">link<\/a><\/p>\n<p>Not\u00edcia sobre o DPEP lan\u00e7amento do livro | UPorto Not\u00edcias | 27.12.2017| <a href=\"https:\/\/noticias.up.pt\/projeto-de-par-em-par-na-u-porto-transformado-em-livro\/\">link<\/a><\/p>\n<p>Entrada na wikip\u00e9dia sobre o DPEP | <a href=\"https:\/\/pt.wikipedia.org\/wiki\/De_Par_em_Par_na_Universidade_do_Porto\">link<\/a><\/p>\n<p>Youtube | <a href=\"https:\/\/www.youtube.com\/channel\/UCIL65wVS8rW89eSlDI_5KaA\">link<\/a><\/p>\n<p>Podcast | <a href=\"https:\/\/paginas.fe.up.pt\/~dpep\/de-par-em-par-podcast-_mixdown-2\/\">link<\/a><\/p>\n","protected":false},"excerpt":{"rendered":"<p>Not\u00edcia sobre o DPEP e InterPares | JPN Jornal Porto Net | 04.01.2016 | link Not\u00edcia sobre o DPEP lan\u00e7amento do livro | UPorto Not\u00edcias | 27.12.2017| link Entrada na [&hellip;]<\/p>\n","protected":false},"author":1,"featured_media":0,"parent":0,"menu_order":0,"comment_status":"closed","ping_status":"closed","template":"","meta":{"footnotes":""},"class_list":["post-695","page","type-page","status-publish","hentry"],"aioseo_notices":[],"_links":{"self":[{"href":"https:\/\/fe.up.pt\/dpep\/wp-json\/wp\/v2\/pages\/695","targetHints":{"allow":["GET"]}}],"collection":[{"href":"https:\/\/fe.up.pt\/dpep\/wp-json\/wp\/v2\/pages"}],"about":[{"href":"https:\/\/fe.up.pt\/dpep\/wp-json\/wp\/v2\/types\/page"}],"author":[{"embeddable":true,"href":"https:\/\/fe.up.pt\/dpep\/wp-json\/wp\/v2\/users\/1"}],"replies":[{"embeddable":true,"href":"https:\/\/fe.up.pt\/dpep\/wp-json\/wp\/v2\/comments?post=695"}],"version-history":[{"count":9,"href":"https:\/\/fe.up.pt\/dpep\/wp-json\/wp\/v2\/pages\/695\/revisions"}],"predecessor-version":[{"id":942,"href":"https:\/\/fe.up.pt\/dpep\/wp-json\/wp\/v2\/pages\/695\/revisions\/942"}],"wp:attachment":[{"href":"https:\/\/fe.up.pt\/dpep\/wp-json\/wp\/v2\/media?parent=695"}],"curies":[{"name":"wp","href":"https:\/\/api.w.org\/{rel}","templated":true}]}}