{"id":648,"date":"2016-01-07T14:59:15","date_gmt":"2016-01-07T14:59:15","guid":{"rendered":"http:\/\/paginas.fe.up.pt\/~dpep\/?page_id=648"},"modified":"2016-02-05T11:11:43","modified_gmt":"2016-02-05T11:11:43","slug":"sessao-de-apresentacao-de-resultados-do-1s-201516","status":"publish","type":"page","link":"https:\/\/fe.up.pt\/dpep\/sessao-de-apresentacao-de-resultados-do-1s-201516\/","title":{"rendered":"Sess\u00e3o de Apresenta\u00e7\u00e3o de Resultados do 1S 2015\/16"},"content":{"rendered":"<p>O\u00a0<a href=\"http:\/\/paginas.fe.up.pt\/~dpep\/\"><strong>De Par em Par<\/strong><\/a>\u00a0(DPEP) tem-se afirmado ao longo dos \u00faltimos anos como um programa de observa\u00e7\u00f5es de aulas aceite pela comunidade acad\u00e9mica da U. Porto, com resultados vis\u00edveis ao n\u00edvel da consci\u00eancia e partilha pedag\u00f3gica e da unidade da Universidade. Este ano, em paralelo com o funcionamento do DPEP, foi iniciado <strong>o projeto piloto <a href=\"http:\/\/paginas.fe.up.pt\/~dpep\/info\/outros-projetos\/up-inter-pares\/\">UP Inter ParES<\/a><\/strong>, de observa\u00e7\u00e3o de aulas em parceria da U.Porto com a Escola Secund\u00e1ria Camilo Castelo Branco.<\/p>\n<p>Nesta sess\u00e3o ser\u00e1 feita a apresenta\u00e7\u00e3o dos programas, sua organiza\u00e7\u00e3o e funcionamento e evolu\u00e7\u00e3o futura. Os resultados do primeiro semestre do ano letivo 2015\/2016 ser\u00e3o apresentados e analisados. No final da sess\u00e3o haver\u00e1 um per\u00edodo para discuss\u00e3o e reflex\u00e3o.<\/p>\n<p>A sess\u00e3o ter\u00e1 lugar <strong>no Anfiteatro 2B da Faculdade de Psicologia e Ci\u00eancias da Educa\u00e7\u00e3o da Universidade do Porto<\/strong>, no dia <strong>3 de fevereiro, pelas 14:00<\/strong>.\u00a0A <strong>entrada \u00e9 livre<\/strong>, mas a<strong> inscri\u00e7\u00e3o \u00e9 obrigat\u00f3ria<\/strong> e pode ser feita <a href=\"https:\/\/paginas.fe.up.pt\/~dpep\/limesurvey\/index.php\/571899\">aqui<\/a>.<\/p>\n<p><strong>Programa:<\/strong><\/p>\n<ul>\n<li>14:00 &#8211; 14:15 &#8211; Chegada dos participantes<\/li>\n<li>14:15 \u2013 14:45 \u2013 Sess\u00e3o de abertura<br \/>\nProfessora Am\u00e9lia Lopes, CIIE<br \/>\nProfessor Fernando Barbosa, FPCEUP<br \/>\nProfessor Pedro Teixeira, Vice-Reitor da U.Porto<\/li>\n<li>14:45 \u2013 15:00 \u2013 <a href=\"http:\/\/paginas.fe.up.pt\/~dpep\/dpep\/wp-content\/uploads\/2016\/01\/DPEP_2015_2016_Apresenta\u00e7\u00e3oResultados_Introdu\u00e7\u00e3o1.pdf\">Introdu\u00e7\u00e3o<\/a><br \/>\nProfessor Jo\u00e3o Pedro P\u00eago, FEUP<\/li>\n<li>15:00 \u2013 16:00 \u2013 <a href=\"http:\/\/paginas.fe.up.pt\/~dpep\/dpep\/wp-content\/uploads\/2016\/01\/DPEP_2015_2016_Apresenta\u00e7\u00e3oResultados_DPEP.pdf\">Apresenta\u00e7\u00e3o dos Resultados do DPEP<\/a><br \/>\nDoutora Ana Mouraz, FPCEUP<\/li>\n<li>16:00 \u2013 16:30 \u2013 Intervalo<\/li>\n<li>16:30 \u2013 16:45 \u2013 <a href=\"http:\/\/paginas.fe.up.pt\/~dpep\/dpep\/wp-content\/uploads\/2016\/01\/Inova\u00e7\u00e3o-e-Did\u00e1ticas-28-01-2016.pdf\">A Escola Camilo Castelo Branco e o UP Inter ParES<\/a><br \/>\nMestre B\u00e1rbara Alvar, AECCB<\/li>\n<li>16:45 \u2013 17:45 \u2013 <a href=\"http:\/\/paginas.fe.up.pt\/~dpep\/dpep\/wp-content\/uploads\/2016\/01\/DPEP_2015_2016_Apresenta\u00e7\u00e3oResultados_UPInterParES.pdf\">Apresenta\u00e7\u00e3o dos Resultados do UP Inter ParES<\/a><br \/>\nDaniela Pinto, Doutora Ana Mouraz, FPCEUP<\/li>\n<li>17:45 \u2013 18:00 \u2013 Encerramento<\/li>\n<\/ul>\n<p>&nbsp;<\/p>\n<p><strong>Local:<\/strong><\/p>\n<p>Faculdade de Psicologia e Ci\u00eancias da Educa\u00e7\u00e3o da Universidade do Porto<\/p>\n<p>Anfiteatro 2B<\/p>\n<p>Rua Alfredo Allen,\u00a04200-135 Porto,\u00a0Portugal<\/p>\n<p>&nbsp;<\/p>\n<p><strong>Not\u00edcia no Jornalisto Porto Net:<\/strong> \u00a0<a href=\"http:\/\/jpn.up.pt\/2016\/02\/04\/de-par-em-par-professores-reflexao-sala-aula\/\">http:\/\/jpn.up.pt\/2016\/02\/04\/de-par-em-par-professores-reflexao-sala-aula\/<\/a><\/p>\n<p>&nbsp;<\/p>\n<p><strong>Galeria de Fotos<\/strong><\/p>\n<p>&nbsp;<\/p>\n\n\t\t<style type=\"text\/css\">\n\t\t\t#gallery-1 {\n\t\t\t\tmargin: auto;\n\t\t\t}\n\t\t\t#gallery-1 .gallery-item {\n\t\t\t\tfloat: left;\n\t\t\t\tmargin-top: 10px;\n\t\t\t\ttext-align: center;\n\t\t\t\twidth: 33%;\n\t\t\t}\n\t\t\t#gallery-1 img {\n\t\t\t\tborder: 2px solid #cfcfcf;\n\t\t\t}\n\t\t\t#gallery-1 .gallery-caption {\n\t\t\t\tmargin-left: 0;\n\t\t\t}\n\t\t\t\/* see gallery_shortcode() in wp-includes\/media.php *\/\n\t\t<\/style>\n\t\t<div id='gallery-1' class='gallery galleryid-648 gallery-columns-3 gallery-size-thumbnail'><dl class='gallery-item'>\n\t\t\t<dt class='gallery-icon landscape'>\n\t\t\t\t<a href='https:\/\/fe.up.pt\/dpep\/wp-content\/uploads\/2016\/01\/IMG_20160203_143505.jpg'><img loading=\"lazy\" decoding=\"async\" width=\"150\" height=\"150\" src=\"https:\/\/fe.up.pt\/dpep\/wp-content\/uploads\/2016\/01\/IMG_20160203_143505-150x150.jpg\" class=\"attachment-thumbnail size-thumbnail\" alt=\"\" \/><\/a>\n\t\t\t<\/dt><\/dl><dl class='gallery-item'>\n\t\t\t<dt class='gallery-icon landscape'>\n\t\t\t\t<a href='https:\/\/fe.up.pt\/dpep\/wp-content\/uploads\/2016\/01\/IMG_20160203_152055.jpg'><img loading=\"lazy\" decoding=\"async\" width=\"150\" height=\"150\" src=\"https:\/\/fe.up.pt\/dpep\/wp-content\/uploads\/2016\/01\/IMG_20160203_152055-150x150.jpg\" class=\"attachment-thumbnail size-thumbnail\" alt=\"\" \/><\/a>\n\t\t\t<\/dt><\/dl><dl class='gallery-item'>\n\t\t\t<dt class='gallery-icon landscape'>\n\t\t\t\t<a href='https:\/\/fe.up.pt\/dpep\/wp-content\/uploads\/2016\/01\/IMG_20160203_152119.jpg'><img loading=\"lazy\" decoding=\"async\" width=\"150\" height=\"150\" src=\"https:\/\/fe.up.pt\/dpep\/wp-content\/uploads\/2016\/01\/IMG_20160203_152119-150x150.jpg\" class=\"attachment-thumbnail size-thumbnail\" alt=\"\" \/><\/a>\n\t\t\t<\/dt><\/dl><br style=\"clear: both\" \/><dl class='gallery-item'>\n\t\t\t<dt class='gallery-icon landscape'>\n\t\t\t\t<a href='https:\/\/fe.up.pt\/dpep\/wp-content\/uploads\/2016\/01\/IMG_20160203_152107.jpg'><img loading=\"lazy\" decoding=\"async\" width=\"150\" height=\"150\" src=\"https:\/\/fe.up.pt\/dpep\/wp-content\/uploads\/2016\/01\/IMG_20160203_152107-150x150.jpg\" class=\"attachment-thumbnail size-thumbnail\" alt=\"\" \/><\/a>\n\t\t\t<\/dt><\/dl><dl class='gallery-item'>\n\t\t\t<dt class='gallery-icon landscape'>\n\t\t\t\t<a href='https:\/\/fe.up.pt\/dpep\/wp-content\/uploads\/2016\/01\/IMG_20160203_152148.jpg'><img loading=\"lazy\" decoding=\"async\" width=\"150\" height=\"150\" src=\"https:\/\/fe.up.pt\/dpep\/wp-content\/uploads\/2016\/01\/IMG_20160203_152148-150x150.jpg\" class=\"attachment-thumbnail size-thumbnail\" alt=\"\" \/><\/a>\n\t\t\t<\/dt><\/dl>\n\t\t\t<br style='clear: both' \/>\n\t\t<\/div>\n\n<p>&nbsp;<\/p>\n","protected":false},"excerpt":{"rendered":"<p>O\u00a0De Par em Par\u00a0(DPEP) tem-se afirmado ao longo dos \u00faltimos anos como um programa de observa\u00e7\u00f5es de aulas aceite pela comunidade acad\u00e9mica da U. Porto, com resultados vis\u00edveis ao n\u00edvel [&hellip;]<\/p>\n","protected":false},"author":1,"featured_media":0,"parent":0,"menu_order":0,"comment_status":"closed","ping_status":"closed","template":"","meta":{"footnotes":""},"class_list":["post-648","page","type-page","status-publish","hentry"],"aioseo_notices":[],"_links":{"self":[{"href":"https:\/\/fe.up.pt\/dpep\/wp-json\/wp\/v2\/pages\/648","targetHints":{"allow":["GET"]}}],"collection":[{"href":"https:\/\/fe.up.pt\/dpep\/wp-json\/wp\/v2\/pages"}],"about":[{"href":"https:\/\/fe.up.pt\/dpep\/wp-json\/wp\/v2\/types\/page"}],"author":[{"embeddable":true,"href":"https:\/\/fe.up.pt\/dpep\/wp-json\/wp\/v2\/users\/1"}],"replies":[{"embeddable":true,"href":"https:\/\/fe.up.pt\/dpep\/wp-json\/wp\/v2\/comments?post=648"}],"version-history":[{"count":18,"href":"https:\/\/fe.up.pt\/dpep\/wp-json\/wp\/v2\/pages\/648\/revisions"}],"predecessor-version":[{"id":689,"href":"https:\/\/fe.up.pt\/dpep\/wp-json\/wp\/v2\/pages\/648\/revisions\/689"}],"wp:attachment":[{"href":"https:\/\/fe.up.pt\/dpep\/wp-json\/wp\/v2\/media?parent=648"}],"curies":[{"name":"wp","href":"https:\/\/api.w.org\/{rel}","templated":true}]}}