{"id":6,"date":"2014-10-02T13:01:09","date_gmt":"2014-10-02T13:01:09","guid":{"rendered":"http:\/\/paginas.fe.up.pt\/~dpep\/dpep\/?page_id=6"},"modified":"2015-08-07T15:24:46","modified_gmt":"2015-08-07T15:24:46","slug":"como-funciona","status":"publish","type":"page","link":"https:\/\/fe.up.pt\/dpep\/como-funciona\/","title":{"rendered":"Como funciona?"},"content":{"rendered":"<p>\u00c9 muito simples: os participantes s\u00e3o agrupados em quartetos de docentes observados\/observadores. Cada docente \u00e9 observado pelo menos uma vez por dois membros do quarteto e disponibiliza-se para observar uma aula de dois outros membros do quarteto. Tudo com o objetivo de melhorar a qualidade do processo de ensino-aprendizagem pela partilha pedag\u00f3gica\u00a0inerente e pelas respostas dos observadores \u00e0 aula observada.<\/p>\n<h2>Metodologia<\/h2>\n<div id=\"attachment_141\" style=\"width: 490px\" class=\"wp-caption alignright\"><img loading=\"lazy\" decoding=\"async\" aria-describedby=\"caption-attachment-141\" class=\"size-full wp-image-141\" src=\"http:\/\/paginas.fe.up.pt\/~dpep\/dpep\/wp-content\/uploads\/2014\/10\/quadro_quarteto4.png\" alt=\"Quartetos &quot;De Par em Par&quot;\" width=\"480\" height=\"264\" srcset=\"https:\/\/fe.up.pt\/dpep\/wp-content\/uploads\/2014\/10\/quadro_quarteto4.png 480w, https:\/\/fe.up.pt\/dpep\/wp-content\/uploads\/2014\/10\/quadro_quarteto4-300x165.png 300w\" sizes=\"auto, (max-width: 480px) 100vw, 480px\" \/><p id=\"caption-attachment-141\" class=\"wp-caption-text\">Exemplo de uma estrutura t\u00edpica de organiza\u00e7\u00e3o dos quartetos. Por\u00e9m admite varia\u00e7\u00f5es, quer de termos de organiza\u00e7\u00e3o, quer em termos de quantidade de observa\u00e7\u00f5es poss\u00edveis.<\/p><\/div>\n<p>O modelo de observa\u00e7\u00e3o de aulas em parceria assenta na constitui\u00e7\u00e3o de quartetos de docentes, volunt\u00e1rios, provenientes de duas Unidades Org\u00e2nicas (UO), isto \u00e9 Faculdades, diferentes, dois de cada. Cada docente \u00e9 observado, pelo menos uma vez, mas idealmente duas vezes (em dois momentos distintos de uma Unidade Curricular ou de duas Unidades Curriculares, de modo a permitir a diversidade de tipos de aula, mas, sobretudo, a discrep\u00e2ncia temporal), por um Par da pr\u00f3pria UO e outro da UO parceira. Em cada aula h\u00e1 dois observadores, um da mesma UO que o docente da aula observada e o segundo da UO parceira no quarteto. Pretende-se, desta forma,\u00a0enriquecer a observa\u00e7\u00e3o com uma vis\u00e3o pr\u00f3xima da \u00e1rea disciplinar da aula com a vis\u00e3o de algu\u00e9m mais afastado.<\/p>\n<p>A observa\u00e7\u00e3o de aulas tem tr\u00eas momentos: antes, durante e ap\u00f3s a aula observada.\u00a0No momento antes, d\u00e1-se a troca de informa\u00e7\u00e3o que permite contextualizar a aula a ser observada. Durante a observa\u00e7\u00e3o faz-se um registo, num <a href=\"http:\/\/paginas.fe.up.pt\/~dpep\/dpep\/wp-content\/uploads\/2014\/10\/Gui\u00e3o_Par_2014.pdf\" target=\"_blank\">gui\u00e3o de observa\u00e7\u00e3o<\/a> fornecido, das caracter\u00edsticas fundamentais da mesma.\u00a0No momento ap\u00f3s a aula, observadores e observado fazem uma reflex\u00e3o conjunta da observa\u00e7\u00e3o, apontando estrat\u00e9gias para a melhoria pedag\u00f3gica da aula. Os gui\u00f5es de observa\u00e7\u00e3o s\u00e3o preenchidos e colocados de forma an\u00f3nima numa plataforma associada ao website.<\/p>\n<p><strong>A observa\u00e7\u00e3o de aulas em parceria \u00e9:<\/strong><\/p>\n<ul>\n<li>Uma a\u00e7\u00e3o de forma\u00e7\u00e3o multidisciplinar;<\/li>\n<li>Promotora da partilha pedag\u00f3gica;<\/li>\n<li>Volunt\u00e1ria;<\/li>\n<li>Baseada no conceito de \u201camigo cr\u00edtico\u201d;<\/li>\n<li>De anonimato e confidencialidade garantidos.<\/li>\n<\/ul>\n<p><strong>Para prevenir o risco da perda de poder sobre o trabalho pr\u00f3prio \u00e9 importante garantir <\/strong>(McMahon, Barret &amp; O\u2019 Neill ,2007)<strong>:<\/strong><\/p>\n<ul>\n<li><strong>Liberdade<\/strong> de se envolver ou n\u00e3o na observa\u00e7\u00e3o de pares;<\/li>\n<li><strong>A escolha<\/strong> do observador;<\/li>\n<li>A escolha do que est\u00e1 em <strong>foco<\/strong> na observa\u00e7\u00e3o;<\/li>\n<li>A escolha das <strong>formas e m\u00e9todos<\/strong> de feedback;<\/li>\n<li>O <strong>anonimato<\/strong> da devolu\u00e7\u00e3o dos dados;<\/li>\n<li><strong>O controlo<\/strong> do uso dos dados;<\/li>\n<li>O controlo dos <strong>passos a dar<\/strong> no futuro.<\/li>\n<\/ul>\n<p>&nbsp;<\/p>\n<p><img loading=\"lazy\" decoding=\"async\" class=\"alignnone wp-image-360 size-full\" src=\"http:\/\/paginas.fe.up.pt\/~dpep\/dpep\/wp-content\/uploads\/2015\/02\/Calendario-gen\u00e9rico3.png\" alt=\"Calendario gen\u00e9rico de forma\u00e7\u00e3o no De Par em Par\" width=\"1400\" height=\"615\" srcset=\"https:\/\/fe.up.pt\/dpep\/wp-content\/uploads\/2015\/02\/Calendario-gen\u00e9rico3.png 1400w, https:\/\/fe.up.pt\/dpep\/wp-content\/uploads\/2015\/02\/Calendario-gen\u00e9rico3-300x131.png 300w, https:\/\/fe.up.pt\/dpep\/wp-content\/uploads\/2015\/02\/Calendario-gen\u00e9rico3-1024x449.png 1024w, https:\/\/fe.up.pt\/dpep\/wp-content\/uploads\/2015\/02\/Calendario-gen\u00e9rico3-624x274.png 624w\" sizes=\"auto, (max-width: 1400px) 100vw, 1400px\" \/><\/p>\n<h2>Procedimentos<\/h2>\n<p><strong>O &#8220;De Par em Par&#8221; est\u00e1 dividido em 3 m\u00f3dulos:<\/strong><\/p>\n<ul>\n<li>M\u00f3dulo 1 : Sess\u00e3o de forma\u00e7\u00e3o presencial<\/li>\n<li>M\u00f3dulo 2 : Observa\u00e7\u00e3o de aulas<\/li>\n<li>M\u00f3dulo 3 : Sess\u00e3o de apresenta\u00e7\u00e3o de resultados<\/li>\n<\/ul>\n<p>A sess\u00e3o de <strong>forma\u00e7\u00e3o presencial<\/strong> tem por objetivos:<\/p>\n<ul>\n<li>Reunir os participantes;<\/li>\n<li>Prestar informa\u00e7\u00f5es sobre o funcionamento do programa;<\/li>\n<li>Apresentar as novidades do programa;<\/li>\n<li>Apresentar os resultados de anos anteriores;<\/li>\n<li>Organizar os quartetos;<\/li>\n<li>Agendar as observa\u00e7\u00f5es de aulas.<\/li>\n<\/ul>\n<p>Durante o m\u00f3dulo 2 os quartetos procedem \u00e0 <strong>observa\u00e7\u00e3o de aulas<\/strong>, de acordo com o esquema temporal seguinte:<\/p>\n<ul>\n<li>Antes da Aula: o\/a observado\/a transmite aos observadores a informa\u00e7\u00e3o necess\u00e1ria para contextualizar a aula a observar (unidade curricular, curso, ano de curso, tipo de aula, n\u00famero de estudantes, etc)<\/li>\n<li>Durante a Aula: os observadores preenchem o <a href=\"http:\/\/paginas.fe.up.pt\/~dpep\/dpep\/wp-content\/uploads\/2014\/10\/Gui\u00e3o_Par_2014.pdf\" target=\"_blank\">Gui\u00e3o de observa\u00e7\u00e3o<\/a> cujos descritores se dividem nas seguintes categorias:\n<ul>\n<li>Estrutura;<\/li>\n<li>Organiza\u00e7\u00e3o;<\/li>\n<li>Conte\u00fado;<\/li>\n<li>Clima de turma;<\/li>\n<li>Atitude do Professor<\/li>\n<\/ul>\n<\/li>\n<li>Depois da Aula: logo a seguir \u00e0 aula o\/a observado\/a re\u00fane com os observadores para partilharem a experi\u00eancia, comentando o funcionamento da aula, as suas caracter\u00edsticas mais relevantes e quais as diferen\u00e7as constatadas entre as pr\u00e1ticas pedag\u00f3gicas respetivas.<\/li>\n<\/ul>\n<p>Na Sess\u00e3o de <strong>apresenta\u00e7\u00e3o de resultados<\/strong> os participantes do\u00a0&#8220;De Par em Par&#8221; re\u00fanem para analisar e discutir os resultados obtidos dos gui\u00f5es de observa\u00e7\u00e3o, partilhar experi\u00eancias e propor desenvolvimentos futuros.<\/p>\n<p>Em cada Quarteto \u00e9 nomeado um Coordenador de Quarteto, que tem por miss\u00e3o:<\/p>\n<ul>\n<li>dinamizar o grupo;<\/li>\n<li>organizar as datas para as observa\u00e7\u00f5es;<\/li>\n<li>centralizar a comunica\u00e7\u00e3o com Coordenador Geral.<\/li>\n<\/ul>\n<p>Veja o seguinte v\u00eddeo animado para ajudar a visualizar e esclarecer de uma forma simplificada os procedimentos envolvidos:<\/p>\n<p><iframe loading=\"lazy\" title=\"Como Funciona o De Par em Par na U.Porto\" width=\"625\" height=\"352\" src=\"https:\/\/www.youtube.com\/embed\/_0BL1aiycgw?wmode=transparent&amp;rel=0&amp;feature=oembed\" frameborder=\"0\" allow=\"accelerometer; autoplay; clipboard-write; encrypted-media; gyroscope; picture-in-picture; web-share\" referrerpolicy=\"strict-origin-when-cross-origin\" allowfullscreen><\/iframe><\/p>\n<p>Para mais informa\u00e7\u00f5es consulte as <a title=\"FAQ\" href=\"http:\/\/paginas.fe.up.pt\/~dpep\/dpep\/faq\/\">perguntas frequentes no &#8220;De Par em Par&#8221;<\/a>.<\/p>\n","protected":false},"excerpt":{"rendered":"<p>\u00c9 muito simples: os participantes s\u00e3o agrupados em quartetos de docentes observados\/observadores. Cada docente \u00e9 observado pelo menos uma vez por dois membros do quarteto e disponibiliza-se para observar uma [&hellip;]<\/p>\n","protected":false},"author":1,"featured_media":0,"parent":0,"menu_order":0,"comment_status":"open","ping_status":"closed","template":"","meta":{"footnotes":""},"class_list":["post-6","page","type-page","status-publish","hentry"],"aioseo_notices":[],"_links":{"self":[{"href":"https:\/\/fe.up.pt\/dpep\/wp-json\/wp\/v2\/pages\/6","targetHints":{"allow":["GET"]}}],"collection":[{"href":"https:\/\/fe.up.pt\/dpep\/wp-json\/wp\/v2\/pages"}],"about":[{"href":"https:\/\/fe.up.pt\/dpep\/wp-json\/wp\/v2\/types\/page"}],"author":[{"embeddable":true,"href":"https:\/\/fe.up.pt\/dpep\/wp-json\/wp\/v2\/users\/1"}],"replies":[{"embeddable":true,"href":"https:\/\/fe.up.pt\/dpep\/wp-json\/wp\/v2\/comments?post=6"}],"version-history":[{"count":97,"href":"https:\/\/fe.up.pt\/dpep\/wp-json\/wp\/v2\/pages\/6\/revisions"}],"predecessor-version":[{"id":523,"href":"https:\/\/fe.up.pt\/dpep\/wp-json\/wp\/v2\/pages\/6\/revisions\/523"}],"wp:attachment":[{"href":"https:\/\/fe.up.pt\/dpep\/wp-json\/wp\/v2\/media?parent=6"}],"curies":[{"name":"wp","href":"https:\/\/api.w.org\/{rel}","templated":true}]}}