{"id":573,"date":"2015-09-23T23:18:05","date_gmt":"2015-09-23T23:18:05","guid":{"rendered":"http:\/\/paginas.fe.up.pt\/~dpep\/?page_id=573"},"modified":"2017-01-20T16:43:56","modified_gmt":"2017-01-20T16:43:56","slug":"edicao-20142015","status":"publish","type":"page","link":"https:\/\/fe.up.pt\/dpep\/participe\/edicao-20142015\/","title":{"rendered":"Edi\u00e7\u00e3o 2014\/2015"},"content":{"rendered":"<p>No ano letivo 2014\/2015 participaram nas observa\u00e7\u00f5es do 1.\u00ba semestre 8 Unidades Org\u00e2nicas (UO), num total de 23 docentes, enquanto no 2\u00ba semestre participaram 9 UO, num total de 20 docentes.<\/p>\n<p>Documentos para a observa\u00e7\u00e3o de aulas<\/p>\n<ul>\n<li><a href=\"http:\/\/paginas.fe.up.pt\/~dpep\/dpep\/wp-content\/uploads\/2015\/09\/DPEP_2014_2015_1S_Gui\u00e3oObserva\u00e7\u00e3o.pdf\" target=\"_blank\">Gui\u00e3o de Observa\u00e7\u00e3o<\/a><\/li>\n<\/ul>\n<p>&nbsp;<\/p>\n<p>Apresenta\u00e7\u00f5es<\/p>\n<ul>\n<li><a href=\"http:\/\/paginas.fe.up.pt\/~dpep\/dpep\/wp-content\/uploads\/2015\/09\/DPEP2014_2015_1S_Sess\u00e3oPresencial_20141024.pdf\" target=\"_blank\">Sess\u00e3o Presencial do 1\u00ba Semestre<\/a><\/li>\n<li><a href=\"http:\/\/paginas.fe.up.pt\/~dpep\/dpep\/wp-content\/uploads\/2015\/09\/DPEP_2014_2015_2S_Sess\u00e3oPresencial_20150306_JPP_AM.pdf\" target=\"_blank\">Sess\u00e3o Presencial do 2\u00ba Semestre<\/a><\/li>\n<li><a href=\"http:\/\/paginas.fe.up.pt\/~dpep\/dpep\/wp-content\/uploads\/2015\/09\/DPEP_2014_2015_Apresenta\u00e7\u00e3oResultados_20150701.pdf\" target=\"_blank\">Sess\u00e3o de Apresenta\u00e7\u00e3o de Resultados do 2\u00ba Semestre<\/a>\n<ul>\n<li>01.07.2014, 14:00, Audit\u00f3rio Ruy Lu\u00eds Gomes da Reitoria<\/li>\n<li>17 participantes<\/li>\n<\/ul>\n<\/li>\n<\/ul>\n","protected":false},"excerpt":{"rendered":"<p>No ano letivo 2014\/2015 participaram nas observa\u00e7\u00f5es do 1.\u00ba semestre 8 Unidades Org\u00e2nicas (UO), num total de 23 docentes, enquanto no 2\u00ba semestre participaram 9 UO, num total de 20 [&hellip;]<\/p>\n","protected":false},"author":1,"featured_media":0,"parent":10,"menu_order":0,"comment_status":"closed","ping_status":"closed","template":"","meta":{"footnotes":""},"class_list":["post-573","page","type-page","status-publish","hentry"],"aioseo_notices":[],"_links":{"self":[{"href":"https:\/\/fe.up.pt\/dpep\/wp-json\/wp\/v2\/pages\/573","targetHints":{"allow":["GET"]}}],"collection":[{"href":"https:\/\/fe.up.pt\/dpep\/wp-json\/wp\/v2\/pages"}],"about":[{"href":"https:\/\/fe.up.pt\/dpep\/wp-json\/wp\/v2\/types\/page"}],"author":[{"embeddable":true,"href":"https:\/\/fe.up.pt\/dpep\/wp-json\/wp\/v2\/users\/1"}],"replies":[{"embeddable":true,"href":"https:\/\/fe.up.pt\/dpep\/wp-json\/wp\/v2\/comments?post=573"}],"version-history":[{"count":2,"href":"https:\/\/fe.up.pt\/dpep\/wp-json\/wp\/v2\/pages\/573\/revisions"}],"predecessor-version":[{"id":623,"href":"https:\/\/fe.up.pt\/dpep\/wp-json\/wp\/v2\/pages\/573\/revisions\/623"}],"up":[{"embeddable":true,"href":"https:\/\/fe.up.pt\/dpep\/wp-json\/wp\/v2\/pages\/10"}],"wp:attachment":[{"href":"https:\/\/fe.up.pt\/dpep\/wp-json\/wp\/v2\/media?parent=573"}],"curies":[{"name":"wp","href":"https:\/\/api.w.org\/{rel}","templated":true}]}}