{"id":4,"date":"2014-10-02T12:52:06","date_gmt":"2014-10-02T12:52:06","guid":{"rendered":"http:\/\/paginas.fe.up.pt\/~dpep\/dpep\/?page_id=4"},"modified":"2015-10-09T13:43:06","modified_gmt":"2015-10-09T13:43:06","slug":"o-que-e","status":"publish","type":"page","link":"https:\/\/fe.up.pt\/dpep\/","title":{"rendered":"O que \u00e9?"},"content":{"rendered":"<p>\u201cDe Par em Par\u201d trata de \u201cabrir a sala de aula\u201d a outros docentes, Pares de profiss\u00e3o. \u00c9 o programa de observa\u00e7\u00e3o de aulas, multidisciplinar, que foi desenvolvido para a Universidade do Porto, desde o ano letivo de 2010\/2011.<\/p>\n<p>Trata-se de uma a\u00e7\u00e3o de forma\u00e7\u00e3o multidisciplinar, volunt\u00e1ria e de confidencialidade garantida, que envolve docentes de todas as Unidades Org\u00e2nicas (U.O.) da U.Porto.<\/p>\n<p>A observa\u00e7\u00e3o de aulas em parceria baseia-se no conceito de \u201camigo cr\u00edtico\u201d, em que os observadores s\u00e3o, igualmente, docentes da U.Porto.<br \/>\n\u00c9 um modelo de observa\u00e7\u00e3o de aulas, e no caso do modelo implementado na Universidade do Porto destaca-se pela multidisciplinaridade resultante da intera\u00e7\u00e3o de observadores\/observados de diferentes Unidades Org\u00e2nicas (U.O.) da U.Porto.<\/p>\n<p><iframe loading=\"lazy\" title=\"De Par em Par na U.Porto - Apresenta\u00e7\u00e3o\" width=\"625\" height=\"352\" src=\"https:\/\/www.youtube.com\/embed\/_sDWkYu09tk?wmode=transparent&amp;rel=0&amp;feature=oembed\" frameborder=\"0\" allow=\"accelerometer; autoplay; clipboard-write; encrypted-media; gyroscope; picture-in-picture; web-share\" referrerpolicy=\"strict-origin-when-cross-origin\" allowfullscreen><\/iframe><\/p>\n<h2>Objetivos principais<\/h2>\n<p>O \u201cDe Par em Par\u201d tem como finalidade criar instrumentos para a melhoria da qualidade e pertin\u00eancia do trabalho docente dos professores envolvidos no projeto e, consequentemente, do ensino superior.<br \/>\nOs objetivos podem sumariar-se da seguinte forma:<\/p>\n<ul>\n<li>Permitir uma maior consci\u00eancia do trabalho docente realizado e suas implica\u00e7\u00f5es.<\/li>\n<li>Aumentar a sensibilidade pedag\u00f3gica dos docentes envolvidos.<\/li>\n<li>Intervir ao n\u00edvel dos processos de ensino-aprendizagem no sentido de obter maior coer\u00eancia com os objetivos pretendidos para a unidade curricular.<\/li>\n<li>Desenvolver a cultura da coopera\u00e7\u00e3o entre pares.<\/li>\n<li>Aprofundar conhecimentos pedag\u00f3gicos sobre metodologias e estrat\u00e9gias espec\u00edficas. (Novidade)<\/li>\n<li>Desenvolver um sistema de controlo da qualidade docente no Ensino Superior.<\/li>\n<li>Estimular a compet\u00eancia formativa da U.Porto e promover a rela\u00e7\u00e3o com outras Universidades do espa\u00e7o lus\u00f3fono.<\/li>\n<\/ul>\n","protected":false},"excerpt":{"rendered":"<p>\u201cDe Par em Par\u201d trata de \u201cabrir a sala de aula\u201d a outros docentes, Pares de profiss\u00e3o. \u00c9 o programa de observa\u00e7\u00e3o de aulas, multidisciplinar, que foi desenvolvido para a [&hellip;]<\/p>\n","protected":false},"author":1,"featured_media":0,"parent":0,"menu_order":0,"comment_status":"open","ping_status":"open","template":"","meta":{"footnotes":""},"class_list":["post-4","page","type-page","status-publish","hentry"],"aioseo_notices":[],"_links":{"self":[{"href":"https:\/\/fe.up.pt\/dpep\/wp-json\/wp\/v2\/pages\/4","targetHints":{"allow":["GET"]}}],"collection":[{"href":"https:\/\/fe.up.pt\/dpep\/wp-json\/wp\/v2\/pages"}],"about":[{"href":"https:\/\/fe.up.pt\/dpep\/wp-json\/wp\/v2\/types\/page"}],"author":[{"embeddable":true,"href":"https:\/\/fe.up.pt\/dpep\/wp-json\/wp\/v2\/users\/1"}],"replies":[{"embeddable":true,"href":"https:\/\/fe.up.pt\/dpep\/wp-json\/wp\/v2\/comments?post=4"}],"version-history":[{"count":22,"href":"https:\/\/fe.up.pt\/dpep\/wp-json\/wp\/v2\/pages\/4\/revisions"}],"predecessor-version":[{"id":619,"href":"https:\/\/fe.up.pt\/dpep\/wp-json\/wp\/v2\/pages\/4\/revisions\/619"}],"wp:attachment":[{"href":"https:\/\/fe.up.pt\/dpep\/wp-json\/wp\/v2\/media?parent=4"}],"curies":[{"name":"wp","href":"https:\/\/api.w.org\/{rel}","templated":true}]}}