{"id":10,"date":"2014-10-02T13:02:19","date_gmt":"2014-10-02T13:02:19","guid":{"rendered":"http:\/\/paginas.fe.up.pt\/~dpep\/dpep\/?page_id=10"},"modified":"2026-02-20T12:11:13","modified_gmt":"2026-02-20T12:11:13","slug":"participe","status":"publish","type":"page","link":"https:\/\/fe.up.pt\/dpep\/participe\/","title":{"rendered":"Participe!"},"content":{"rendered":"<div id=\"attachment_34\" style=\"width: 310px\" class=\"wp-caption alignright\"><img loading=\"lazy\" decoding=\"async\" aria-describedby=\"caption-attachment-34\" class=\"wp-image-34 size-medium\" src=\"http:\/\/paginas.fe.up.pt\/~dpep\/dpep\/wp-content\/uploads\/2014\/10\/participacao-docentes-genero-300x209.png\" alt=\"Participa\u00e7\u00e3o de Docentes no De Par em Par por G\u00e9nero\" width=\"300\" height=\"209\" srcset=\"https:\/\/fe.up.pt\/dpep\/wp-content\/uploads\/2014\/10\/participacao-docentes-genero-300x209.png 300w, https:\/\/fe.up.pt\/dpep\/wp-content\/uploads\/2014\/10\/participacao-docentes-genero.png 600w\" sizes=\"auto, (max-width: 300px) 100vw, 300px\" \/><p id=\"caption-attachment-34\" class=\"wp-caption-text\">Participa\u00e7\u00e3o de Docentes no De Par em Par por G\u00e9nero<\/p><\/div>\n<p>Venha participar nesta iniciativa pedag\u00f3gica e contribua, para o estabelecimento de liga\u00e7\u00f5es entre professores de diferentes Unidades org\u00e2nicas e para o reconhecimento necess\u00e1rio da alteridade que pode produzir colabora\u00e7\u00f5es futuras.<\/p>\n<p>E se ainda n\u00e3o est\u00e1 convencido, convidamo-lo a ver um breve filme contado na primeira pessoa daqueles que criaram e participaram no De Par em Par. Porque \u00e9 na partilha que nos encontramos.<\/p>\n<p><iframe loading=\"lazy\" title=\"De Par em Par - A hist\u00f3ria contada pelos pr\u00f3prios\" width=\"625\" height=\"352\" src=\"https:\/\/www.youtube.com\/embed\/LG_tX8vtebA?wmode=transparent&amp;rel=0&amp;feature=oembed\" frameborder=\"0\" allow=\"accelerometer; autoplay; clipboard-write; encrypted-media; gyroscope; picture-in-picture; web-share\" referrerpolicy=\"strict-origin-when-cross-origin\" allowfullscreen><\/iframe><\/p>\n<p><iframe loading=\"lazy\" title=\"De Par em Par\" width=\"625\" height=\"352\" src=\"https:\/\/www.youtube.com\/embed\/7Mbhll2mGgA?wmode=transparent&amp;rel=0&amp;feature=oembed\" frameborder=\"0\" allow=\"accelerometer; autoplay; clipboard-write; encrypted-media; gyroscope; picture-in-picture; web-share\" referrerpolicy=\"strict-origin-when-cross-origin\" allowfullscreen><\/iframe><\/p>\n<h2>Inscri\u00e7\u00f5es<\/h2>\n<p>As inscri\u00e7\u00f5es para o ano letivo 2025\/26 est\u00e3o abertas.<br \/>\nPara a fazer a inscri\u00e7\u00e3o, consulte as condi\u00e7\u00f5es de participa\u00e7\u00e3o na p\u00e1gina <a title=\"Edi\u00e7\u00e3o 2025\/2026\" href=\"https:\/\/fe.up.pt\/dpep\/participe\/edicao-2025-2026\/\">desta edi\u00e7\u00e3o<\/a> e fa\u00e7a a inscri\u00e7\u00e3o <a href=\"https:\/\/forms.office.com\/e\/EWMSxQFYmG\" target=\"_blank\" rel=\"noopener\">aqui<\/a>.<\/p>\n<p><!--Est\u00e3o abertas as inscri\u00e7\u00f5es para participar, na partilha pedag\u00f3gica e observa\u00e7\u00e3o de aulas em parceria, no<strong> segundo semestre do ano letivo 2014\/15. Se est\u00e1 interessado, <a href=\"http:\/\/formacaorh.up.pt\/forms\/index.php?sid=91419&amp;newtest=Y&amp;lang=pt\" target=\"_blank\">inscreva-se aqui<\/a>, ou clique no bot\u00e3o abaixo para aceder o formul\u00e1rio do Plano de forma\u00e7\u00e3o Pedag\u00f3gica para docentes.\n\n<a class=\"link_bt\" href=\"http:\/\/formacaorh.up.pt\/forms\/index.php?sid=91419&amp;newtest=Y&amp;lang=pt\" target=\"_blank\">Formul\u00e1rio de inscri\u00e7\u00e3o<\/a>.--><\/strong><\/p>\n","protected":false},"excerpt":{"rendered":"<p>Venha participar nesta iniciativa pedag\u00f3gica e contribua, para o estabelecimento de liga\u00e7\u00f5es entre professores de diferentes Unidades org\u00e2nicas e para o reconhecimento necess\u00e1rio da alteridade que pode produzir colabora\u00e7\u00f5es futuras. [&hellip;]<\/p>\n","protected":false},"author":1,"featured_media":0,"parent":0,"menu_order":0,"comment_status":"closed","ping_status":"open","template":"","meta":{"footnotes":""},"class_list":["post-10","page","type-page","status-publish","hentry"],"aioseo_notices":[],"_links":{"self":[{"href":"https:\/\/fe.up.pt\/dpep\/wp-json\/wp\/v2\/pages\/10","targetHints":{"allow":["GET"]}}],"collection":[{"href":"https:\/\/fe.up.pt\/dpep\/wp-json\/wp\/v2\/pages"}],"about":[{"href":"https:\/\/fe.up.pt\/dpep\/wp-json\/wp\/v2\/types\/page"}],"author":[{"embeddable":true,"href":"https:\/\/fe.up.pt\/dpep\/wp-json\/wp\/v2\/users\/1"}],"replies":[{"embeddable":true,"href":"https:\/\/fe.up.pt\/dpep\/wp-json\/wp\/v2\/comments?post=10"}],"version-history":[{"count":50,"href":"https:\/\/fe.up.pt\/dpep\/wp-json\/wp\/v2\/pages\/10\/revisions"}],"predecessor-version":[{"id":970,"href":"https:\/\/fe.up.pt\/dpep\/wp-json\/wp\/v2\/pages\/10\/revisions\/970"}],"wp:attachment":[{"href":"https:\/\/fe.up.pt\/dpep\/wp-json\/wp\/v2\/media?parent=10"}],"curies":[{"name":"wp","href":"https:\/\/api.w.org\/{rel}","templated":true}]}}