{"id":3686,"date":"2024-12-17T16:14:56","date_gmt":"2024-12-17T16:14:56","guid":{"rendered":"https:\/\/fe.up.pt\/diafeup\/2026\/?page_id=3686"},"modified":"2026-01-09T16:13:18","modified_gmt":"2026-01-09T16:13:18","slug":"jantar-de-gala","status":"publish","type":"page","link":"https:\/\/fe.up.pt\/diafeup\/2026\/programa\/jantar-de-gala\/","title":{"rendered":"Jantar Comemorativo"},"content":{"rendered":"<div class=\"fusion-fullwidth fullwidth-box fusion-builder-row-1 fusion-flex-container has-pattern-background has-mask-background nonhundred-percent-fullwidth non-hundred-percent-height-scrolling\" style=\"--awb-border-radius-top-left:0px;--awb-border-radius-top-right:0px;--awb-border-radius-bottom-right:0px;--awb-border-radius-bottom-left:0px;--awb-flex-wrap:wrap;\" ><div class=\"fusion-builder-row fusion-row fusion-flex-align-items-flex-start fusion-flex-content-wrap\" style=\"max-width:1206.4px;margin-left: calc(-4% \/ 2 );margin-right: calc(-4% \/ 2 );\"><div class=\"fusion-layout-column fusion_builder_column fusion-builder-column-0 fusion_builder_column_1_1 1_1 fusion-flex-column\" style=\"--awb-bg-size:cover;--awb-width-large:100%;--awb-margin-top-large:0px;--awb-spacing-right-large:1.92%;--awb-margin-bottom-large:20px;--awb-spacing-left-large:1.92%;--awb-width-medium:100%;--awb-order-medium:0;--awb-spacing-right-medium:1.92%;--awb-spacing-left-medium:1.92%;--awb-width-small:100%;--awb-order-small:0;--awb-spacing-right-small:1.92%;--awb-spacing-left-small:1.92%;\"><div class=\"fusion-column-wrapper fusion-column-has-shadow fusion-flex-justify-content-flex-start fusion-content-layout-column\"><div class=\"fusion-text fusion-text-1\"><div class=\"fusion-layout-column fusion_builder_column fusion-builder-column-1 fusion_builder_column_1_2 1_2 fusion-one-half fusion-column-last\">\n<p>Terminal do Porto de Leix\u00f5es (Matosinhos)<br \/>\n19h30 &#8211; 23h30<\/p>\n<p><strong>Programa:<\/strong><\/p>\n<div class=\"fusion-column-wrapper fusion-flex-column-wrapper-legacy\">\n<div class=\"fusion-text fusion-text-2\">\n<p>Check-in e Welcome Reception<br \/>\n<em>Momento Musical pelas <a href=\"https:\/\/www.adlibstrings.com\" target=\"_blank\" rel=\"noopener\">ADLIBStrings<\/a><\/em><\/p>\n<p>Boas-vindas pelo Diretor da FEUP, Prof. Doutor Rui Cal\u00e7ada<\/p>\n<p>Entrega de Pr\u00e9mios de Excel\u00eancia Cient\u00edfica e Pedag\u00f3gica<\/p>\n<p>Apresenta\u00e7\u00e3o dos novos parceiros empresariais PRIME<\/p>\n<p>Entrega de Pr\u00e9mio Engenharia Distinta no Feminino<\/p>\n<p><em>Momento Musical pelo quarteto <a href=\"https:\/\/www.instagram.com\/barbashop.quartet?igsh=aHFkdTZhN3dndm9n\">Barbashop<\/a><\/em><\/p>\n<p>&#8212;&#8212;&#8212;&#8212;&#8212;-<\/p>\n<p>Palestra de Vice-Presidente da C\u00e2mara do Porto, Dr.\u00aa Catarina Ara\u00fajo<\/p>\n<p>Palavras finais pelo Magn\u00edfico Reitor da UP, Prof. Doutor Ant\u00f3nio Sousa Pereira<\/p>\n<p><em>Encerramento pelo quarteto <a href=\"https:\/\/www.instagram.com\/barbashop.quartet?igsh=aHFkdTZhN3dndm9n\">Barbashop<\/a><\/em><\/p>\n<\/div>\n<\/div>\n<\/div>\n<div class=\"fusion-clearfix\"><em>(<strong>Dress Code<\/strong>: formal)<\/em><\/div>\n<div><\/div>\n<div class=\"fusion-layout-column fusion_builder_column fusion-builder-column-2 fusion_builder_column_1_3 1_3 fusion-one-third fusion-column-first fusion-animated\" data-animationtype=\"slideInRight\" data-animationduration=\"0.1\" data-animationoffset=\"top-into-view\">\n<div class=\"fusion-column-wrapper fusion-flex-column-wrapper-legacy\">\n<div class=\"fusion-button-wrapper\"><em>(participa\u00e7\u00e3o por convite)<\/em><\/div>\n<\/div>\n<\/div>\n<\/div><\/div><\/div><\/div><\/div>\n","protected":false},"excerpt":{"rendered":"","protected":false},"author":1,"featured_media":0,"parent":1569,"menu_order":0,"comment_status":"closed","ping_status":"closed","template":"","meta":{"footnotes":""},"class_list":["post-3686","page","type-page","status-publish","hentry"],"_links":{"self":[{"href":"https:\/\/fe.up.pt\/diafeup\/2026\/wp-json\/wp\/v2\/pages\/3686","targetHints":{"allow":["GET"]}}],"collection":[{"href":"https:\/\/fe.up.pt\/diafeup\/2026\/wp-json\/wp\/v2\/pages"}],"about":[{"href":"https:\/\/fe.up.pt\/diafeup\/2026\/wp-json\/wp\/v2\/types\/page"}],"author":[{"embeddable":true,"href":"https:\/\/fe.up.pt\/diafeup\/2026\/wp-json\/wp\/v2\/users\/1"}],"replies":[{"embeddable":true,"href":"https:\/\/fe.up.pt\/diafeup\/2026\/wp-json\/wp\/v2\/comments?post=3686"}],"version-history":[{"count":15,"href":"https:\/\/fe.up.pt\/diafeup\/2026\/wp-json\/wp\/v2\/pages\/3686\/revisions"}],"predecessor-version":[{"id":4722,"href":"https:\/\/fe.up.pt\/diafeup\/2026\/wp-json\/wp\/v2\/pages\/3686\/revisions\/4722"}],"up":[{"embeddable":true,"href":"https:\/\/fe.up.pt\/diafeup\/2026\/wp-json\/wp\/v2\/pages\/1569"}],"wp:attachment":[{"href":"https:\/\/fe.up.pt\/diafeup\/2026\/wp-json\/wp\/v2\/media?parent=3686"}],"curies":[{"name":"wp","href":"https:\/\/api.w.org\/{rel}","templated":true}]}}