{"id":3682,"date":"2024-12-17T16:14:18","date_gmt":"2024-12-17T16:14:18","guid":{"rendered":"https:\/\/fe.up.pt\/diafeup\/2026\/?page_id=3682"},"modified":"2026-01-07T14:48:00","modified_gmt":"2026-01-07T14:48:00","slug":"juntos-somos-mais-feup","status":"publish","type":"page","link":"https:\/\/fe.up.pt\/diafeup\/2026\/programa\/juntos-somos-mais-feup\/","title":{"rendered":"Juntos Somos Mais FEUP"},"content":{"rendered":"<div class=\"fusion-fullwidth fullwidth-box fusion-builder-row-1 fusion-flex-container has-pattern-background has-mask-background nonhundred-percent-fullwidth non-hundred-percent-height-scrolling\" style=\"--awb-border-radius-top-left:0px;--awb-border-radius-top-right:0px;--awb-border-radius-bottom-right:0px;--awb-border-radius-bottom-left:0px;--awb-flex-wrap:wrap;\" ><div class=\"fusion-builder-row fusion-row fusion-flex-align-items-flex-start fusion-flex-content-wrap\" style=\"max-width:1206.4px;margin-left: calc(-4% \/ 2 );margin-right: calc(-4% \/ 2 );\"><div class=\"fusion-layout-column fusion_builder_column fusion-builder-column-0 fusion_builder_column_1_1 1_1 fusion-flex-column\" style=\"--awb-bg-size:cover;--awb-width-large:100%;--awb-margin-top-large:0px;--awb-spacing-right-large:1.92%;--awb-margin-bottom-large:20px;--awb-spacing-left-large:1.92%;--awb-width-medium:100%;--awb-order-medium:0;--awb-spacing-right-medium:1.92%;--awb-spacing-left-medium:1.92%;--awb-width-small:100%;--awb-order-small:0;--awb-spacing-right-small:1.92%;--awb-spacing-left-small:1.92%;\"><div class=\"fusion-column-wrapper fusion-column-has-shadow fusion-flex-justify-content-flex-start fusion-content-layout-column\"><div class=\"fusion-text fusion-text-1\"><p>Um evento com um ambiente \u00fanico, onde convidamos toda a Comunidade a vir experimentar alguns snacks inigual\u00e1veis, propostas de algumas empresas de street food que se juntar\u00e3o a n\u00f3s neste dia.<\/p>\n<p>O ponto de encontro \u00e9 o Relvado Central da Faculdade, a partir das 12h00 e at\u00e9 \u00e0s 14h30.<\/p>\n<p>Recolha a sua senha de participa\u00e7\u00e3o no InfoDesk da FEUP (uma por pessoa), entre 7 e 9 de janeiro de 2026, e participe de um momento de lazer, encontro e conv\u00edvio onde todos s\u00e3o importantes.<\/p>\n<h5><em>(a senha inclui um snack &#8211; e n\u00e3o uma refei\u00e7\u00e3o completa; a distribui\u00e7\u00e3o de snacks far-se-\u00e1 at\u00e9 limite de stock)<\/em><\/h5>\n<\/div><\/div><\/div><\/div><\/div>\n","protected":false},"excerpt":{"rendered":"","protected":false},"author":1,"featured_media":0,"parent":1569,"menu_order":0,"comment_status":"closed","ping_status":"closed","template":"","meta":{"footnotes":""},"class_list":["post-3682","page","type-page","status-publish","hentry"],"_links":{"self":[{"href":"https:\/\/fe.up.pt\/diafeup\/2026\/wp-json\/wp\/v2\/pages\/3682","targetHints":{"allow":["GET"]}}],"collection":[{"href":"https:\/\/fe.up.pt\/diafeup\/2026\/wp-json\/wp\/v2\/pages"}],"about":[{"href":"https:\/\/fe.up.pt\/diafeup\/2026\/wp-json\/wp\/v2\/types\/page"}],"author":[{"embeddable":true,"href":"https:\/\/fe.up.pt\/diafeup\/2026\/wp-json\/wp\/v2\/users\/1"}],"replies":[{"embeddable":true,"href":"https:\/\/fe.up.pt\/diafeup\/2026\/wp-json\/wp\/v2\/comments?post=3682"}],"version-history":[{"count":10,"href":"https:\/\/fe.up.pt\/diafeup\/2026\/wp-json\/wp\/v2\/pages\/3682\/revisions"}],"predecessor-version":[{"id":4714,"href":"https:\/\/fe.up.pt\/diafeup\/2026\/wp-json\/wp\/v2\/pages\/3682\/revisions\/4714"}],"up":[{"embeddable":true,"href":"https:\/\/fe.up.pt\/diafeup\/2026\/wp-json\/wp\/v2\/pages\/1569"}],"wp:attachment":[{"href":"https:\/\/fe.up.pt\/diafeup\/2026\/wp-json\/wp\/v2\/media?parent=3682"}],"curies":[{"name":"wp","href":"https:\/\/api.w.org\/{rel}","templated":true}]}}