{"id":3678,"date":"2024-12-17T16:13:35","date_gmt":"2024-12-17T16:13:35","guid":{"rendered":"https:\/\/fe.up.pt\/diafeup\/2026\/?page_id=3678"},"modified":"2026-01-05T09:15:23","modified_gmt":"2026-01-05T09:15:23","slug":"escape-room","status":"publish","type":"page","link":"https:\/\/fe.up.pt\/diafeup\/2026\/programa\/escape-room\/","title":{"rendered":"Escape Room"},"content":{"rendered":"<p><div class=\"fusion-fullwidth fullwidth-box fusion-builder-row-1 fusion-flex-container has-pattern-background has-mask-background nonhundred-percent-fullwidth non-hundred-percent-height-scrolling\" style=\"--awb-border-radius-top-left:0px;--awb-border-radius-top-right:0px;--awb-border-radius-bottom-right:0px;--awb-border-radius-bottom-left:0px;--awb-flex-wrap:wrap;\" ><div class=\"fusion-builder-row fusion-row fusion-flex-align-items-flex-start fusion-flex-content-wrap\" style=\"max-width:1206.4px;margin-left: calc(-4% \/ 2 );margin-right: calc(-4% \/ 2 );\"><div class=\"fusion-layout-column fusion_builder_column fusion-builder-column-0 fusion_builder_column_1_1 1_1 fusion-flex-column\" style=\"--awb-bg-size:cover;--awb-width-large:100%;--awb-margin-top-large:0px;--awb-spacing-right-large:1.92%;--awb-margin-bottom-large:20px;--awb-spacing-left-large:1.92%;--awb-width-medium:100%;--awb-order-medium:0;--awb-spacing-right-medium:1.92%;--awb-spacing-left-medium:1.92%;--awb-width-small:100%;--awb-order-small:0;--awb-spacing-right-small:1.92%;--awb-spacing-left-small:1.92%;\"><div class=\"fusion-column-wrapper fusion-column-has-shadow fusion-flex-justify-content-flex-start fusion-content-layout-column\"><div class=\"fusion-text fusion-text-1\"><p><strong>Sala de Atos<\/strong><\/p>\n<p><em>J\u00e1 alguma vez imaginou um Escape Room port\u00e1til?<\/em><\/p>\n<p>Segundo o conceito de Escape Room, numa escala mais pequena, a Mystery Box proporciona aos participantes a resolu\u00e7\u00e3o dos mais variados enigmas.<\/p>\n<p>A ideia prende-se na cria\u00e7\u00e3o de diferentes equipas, onde os participantes est\u00e3o em atividade simult\u00e2nea pelas diferentes esta\u00e7\u00f5es de jogo at\u00e9 encontrarem o cofre final.<\/p>\n<p>4 Mistery Boxes, 4 hor\u00e1rios (10h00| 10h40| 11h20| 12h00| 12h40), 30 minutos, 6 pessoas por grupo, 1 desafio &#8211; Preparados para a aventura?<\/p>\n<p><strong><em>Inscri\u00e7\u00f5es at\u00e9 9 de janeiro, impreterivelmente.<\/em><\/strong><\/p>\n<\/div><\/div><\/div><\/div><\/div><div class=\"fusion-fullwidth fullwidth-box fusion-builder-row-2 fusion-flex-container has-pattern-background has-mask-background nonhundred-percent-fullwidth non-hundred-percent-height-scrolling\" style=\"--awb-border-radius-top-left:0px;--awb-border-radius-top-right:0px;--awb-border-radius-bottom-right:0px;--awb-border-radius-bottom-left:0px;--awb-flex-wrap:wrap;\" ><div class=\"fusion-builder-row fusion-row fusion-flex-align-items-flex-start fusion-flex-content-wrap\" style=\"max-width:1206.4px;margin-left: calc(-4% \/ 2 );margin-right: calc(-4% \/ 2 );\"><div class=\"fusion-layout-column fusion_builder_column fusion-builder-column-1 fusion_builder_column_1_1 1_1 fusion-flex-column\" style=\"--awb-bg-size:cover;--awb-width-large:100%;--awb-margin-top-large:0px;--awb-spacing-right-large:1.92%;--awb-margin-bottom-large:20px;--awb-spacing-left-large:1.92%;--awb-width-medium:100%;--awb-order-medium:0;--awb-spacing-right-medium:1.92%;--awb-spacing-left-medium:1.92%;--awb-width-small:100%;--awb-order-small:0;--awb-spacing-right-small:1.92%;--awb-spacing-left-small:1.92%;\"><div class=\"fusion-column-wrapper fusion-column-has-shadow fusion-flex-justify-content-flex-start fusion-content-layout-column\"><div class=\"fusion-separator fusion-full-width-sep\" style=\"align-self: center;margin-left: auto;margin-right: auto;margin-top:40px;margin-bottom:40px;width:100%;\"><div class=\"fusion-separator-border sep-double\" style=\"--awb-height:20px;--awb-amount:20px;border-color:#e0dede;border-top-width:1px;border-bottom-width:1px;\"><\/div><\/div><iframe \n    src=\"https:\/\/fe.up.pt\/diafeup\/formularios\/escape\" \n    width=\"100%\" \n    height=\"800px\" \n    frameborder=\"0\" \n    style=\"border:0;\" \n    allowfullscreen>\n<\/iframe>\n<script>\n        document.addEventListener(\"DOMContentLoaded\", function() {\n            const iframe = document.getElementById('laboratorios-iframe');\n            if (iframe) {\n                iframe.onload = function() {\n                    iframe.contentWindow.postMessage('requestHeight', '*');\n                };\n\n                window.addEventListener('message', function(event) {\n                    if (event.origin === 'https:\/\/fe.up.pt') {\n                        const data = event.data;\n                        if (data.height && iframe.src.includes(event.origin)) {\n                            iframe.style.height = data.height + 'px';\n                        }\n                    }\n                });\n            }\n        });\n    <\/script><\/div><\/div><\/div><\/div><\/p>\n","protected":false},"excerpt":{"rendered":"","protected":false},"author":1,"featured_media":0,"parent":1569,"menu_order":0,"comment_status":"closed","ping_status":"closed","template":"","meta":{"footnotes":""},"class_list":["post-3678","page","type-page","status-publish","hentry"],"_links":{"self":[{"href":"https:\/\/fe.up.pt\/diafeup\/2026\/wp-json\/wp\/v2\/pages\/3678","targetHints":{"allow":["GET"]}}],"collection":[{"href":"https:\/\/fe.up.pt\/diafeup\/2026\/wp-json\/wp\/v2\/pages"}],"about":[{"href":"https:\/\/fe.up.pt\/diafeup\/2026\/wp-json\/wp\/v2\/types\/page"}],"author":[{"embeddable":true,"href":"https:\/\/fe.up.pt\/diafeup\/2026\/wp-json\/wp\/v2\/users\/1"}],"replies":[{"embeddable":true,"href":"https:\/\/fe.up.pt\/diafeup\/2026\/wp-json\/wp\/v2\/comments?post=3678"}],"version-history":[{"count":15,"href":"https:\/\/fe.up.pt\/diafeup\/2026\/wp-json\/wp\/v2\/pages\/3678\/revisions"}],"predecessor-version":[{"id":4698,"href":"https:\/\/fe.up.pt\/diafeup\/2026\/wp-json\/wp\/v2\/pages\/3678\/revisions\/4698"}],"up":[{"embeddable":true,"href":"https:\/\/fe.up.pt\/diafeup\/2026\/wp-json\/wp\/v2\/pages\/1569"}],"wp:attachment":[{"href":"https:\/\/fe.up.pt\/diafeup\/2026\/wp-json\/wp\/v2\/media?parent=3678"}],"curies":[{"name":"wp","href":"https:\/\/api.w.org\/{rel}","templated":true}]}}