{"id":3676,"date":"2024-12-17T16:13:16","date_gmt":"2024-12-17T16:13:16","guid":{"rendered":"https:\/\/fe.up.pt\/diafeup\/2026\/?page_id=3676"},"modified":"2026-01-08T11:39:44","modified_gmt":"2026-01-08T11:39:44","slug":"laboratorios-abertos","status":"publish","type":"page","link":"https:\/\/fe.up.pt\/diafeup\/2026\/programa\/laboratorios-abertos\/","title":{"rendered":"Laborat\u00f3rios Abertos"},"content":{"rendered":"<div class=\"fusion-fullwidth fullwidth-box fusion-builder-row-1 fusion-flex-container has-pattern-background has-mask-background nonhundred-percent-fullwidth non-hundred-percent-height-scrolling\" style=\"--awb-border-radius-top-left:0px;--awb-border-radius-top-right:0px;--awb-border-radius-bottom-right:0px;--awb-border-radius-bottom-left:0px;--awb-flex-wrap:wrap;\" ><div class=\"fusion-builder-row fusion-row fusion-flex-align-items-flex-start fusion-flex-content-wrap\" style=\"max-width:1206.4px;margin-left: calc(-4% \/ 2 );margin-right: calc(-4% \/ 2 );\"><div class=\"fusion-layout-column fusion_builder_column fusion-builder-column-0 fusion_builder_column_1_1 1_1 fusion-flex-column\" style=\"--awb-bg-size:cover;--awb-width-large:100%;--awb-margin-top-large:0px;--awb-spacing-right-large:1.92%;--awb-margin-bottom-large:20px;--awb-spacing-left-large:1.92%;--awb-width-medium:100%;--awb-order-medium:0;--awb-spacing-right-medium:1.92%;--awb-spacing-left-medium:1.92%;--awb-width-small:100%;--awb-order-small:0;--awb-spacing-right-small:1.92%;--awb-spacing-left-small:1.92%;\"><div class=\"fusion-column-wrapper fusion-column-has-shadow fusion-flex-justify-content-flex-start fusion-content-layout-column\"><div class=\"fusion-text fusion-text-1 fusion-text-no-margin\"><p style=\"text-align: left;\">Explore os laborat\u00f3rios da FEUP com os nossos investigadores.<\/p>\n<p>Dia 13 de janeiro a FEUP acolhe toda a sua comunidade interna e alargada para visitas aos nossos laborat\u00f3rios. Estudantes, t\u00e9cnicos, docentes, aluno, parceiros institucionais e empresariais, e a comunidade local em geral, ter\u00e3o a oportunidade \u00fanica para explorar em primeira m\u00e3o a nossa investiga\u00e7\u00e3o em diferentes \u00e1reas: reatores multifuncionais, biofilmes, engenharia costeira e off-shore, simula\u00e7\u00e3o de condu\u00e7\u00e3o, alta-tens\u00e3o, rob\u00f3tica, etc.<\/p>\n<p>As nossas visitas t\u00eam como objetivo fomentar a curiosidade e o esp\u00edrito cr\u00edtico da nossa Comunidade, dando-lhes a conhecer os projectos de investiga\u00e7\u00e3o em curso na FEUP. Estas experi\u00eancias foram concebidas para fazer a ponte entre o meio acad\u00e9mico e a comunidade em geral, promovendo uma compreens\u00e3o mais profunda dos processos cient\u00edficos e do seu impacto na sociedade.<\/p>\n<p>Estas visitas requerem inscri\u00e7\u00e3o pr\u00e9via (<strong>at\u00e9 8 de janeiro<\/strong>) por forma a garantir uma experi\u00eancia enriquecedora e organizada aos participantes.<\/p>\n<p>Ponto de encontro para as visitas: \u00c1trio dos &#8220;Queijos&#8221;<\/p>\n<\/div><div class=\"fusion-separator fusion-full-width-sep\" style=\"align-self: center;margin-left: auto;margin-right: auto;margin-top:40px;margin-bottom:40px;width:100%;\"><div class=\"fusion-separator-border sep-double\" style=\"--awb-height:20px;--awb-amount:20px;border-color:#e0dede;border-top-width:1px;border-bottom-width:1px;\"><\/div><\/div><iframe id=\"laboratorios-iframe\" src=\"https:\/\/fe.up.pt\/diafeup\/formularios\/programas\" style=\"width: 100%; border: none;\" scrolling=\"no\"><\/iframe>\n<script>\n        document.addEventListener(\"DOMContentLoaded\", function() {\n            const iframe = document.getElementById('laboratorios-iframe');\n            if (iframe) {\n                iframe.onload = function() {\n                    iframe.contentWindow.postMessage('requestHeight', '*');\n                };\n\n                window.addEventListener('message', function(event) {\n                    if (event.origin === 'https:\/\/fe.up.pt') {\n                        const data = event.data;\n                        if (data.height && iframe.src.includes(event.origin)) {\n                            iframe.style.height = data.height + 'px';\n                        }\n                    }\n                });\n            }\n        });\n    <\/script><\/div><\/div><\/div><\/div>\n","protected":false},"excerpt":{"rendered":"","protected":false},"author":1,"featured_media":0,"parent":1569,"menu_order":0,"comment_status":"closed","ping_status":"closed","template":"","meta":{"footnotes":""},"class_list":["post-3676","page","type-page","status-publish","hentry"],"_links":{"self":[{"href":"https:\/\/fe.up.pt\/diafeup\/2026\/wp-json\/wp\/v2\/pages\/3676","targetHints":{"allow":["GET"]}}],"collection":[{"href":"https:\/\/fe.up.pt\/diafeup\/2026\/wp-json\/wp\/v2\/pages"}],"about":[{"href":"https:\/\/fe.up.pt\/diafeup\/2026\/wp-json\/wp\/v2\/types\/page"}],"author":[{"embeddable":true,"href":"https:\/\/fe.up.pt\/diafeup\/2026\/wp-json\/wp\/v2\/users\/1"}],"replies":[{"embeddable":true,"href":"https:\/\/fe.up.pt\/diafeup\/2026\/wp-json\/wp\/v2\/comments?post=3676"}],"version-history":[{"count":15,"href":"https:\/\/fe.up.pt\/diafeup\/2026\/wp-json\/wp\/v2\/pages\/3676\/revisions"}],"predecessor-version":[{"id":4717,"href":"https:\/\/fe.up.pt\/diafeup\/2026\/wp-json\/wp\/v2\/pages\/3676\/revisions\/4717"}],"up":[{"embeddable":true,"href":"https:\/\/fe.up.pt\/diafeup\/2026\/wp-json\/wp\/v2\/pages\/1569"}],"wp:attachment":[{"href":"https:\/\/fe.up.pt\/diafeup\/2026\/wp-json\/wp\/v2\/media?parent=3676"}],"curies":[{"name":"wp","href":"https:\/\/api.w.org\/{rel}","templated":true}]}}