{"id":1643,"date":"2016-11-30T15:40:19","date_gmt":"2016-11-30T15:40:19","guid":{"rendered":"https:\/\/fe.up.pt\/diafeup\/2026\/?page_id=1643"},"modified":"2025-12-23T17:37:19","modified_gmt":"2025-12-23T17:37:19","slug":"premios-e-homenagens","status":"publish","type":"page","link":"https:\/\/fe.up.pt\/diafeup\/2026\/premios-e-homenagens\/","title":{"rendered":"Pr\u00e9mios e Homenagens"},"content":{"rendered":"<div class=\"fusion-fullwidth fullwidth-box fusion-builder-row-1 nonhundred-percent-fullwidth non-hundred-percent-height-scrolling\" style=\"--awb-background-position:left top;--awb-border-sizes-top:0px;--awb-border-sizes-bottom:0px;--awb-border-sizes-left:0px;--awb-border-sizes-right:0px;--awb-border-radius-top-left:0px;--awb-border-radius-top-right:0px;--awb-border-radius-bottom-right:0px;--awb-border-radius-bottom-left:0px;--awb-padding-top:20px;--awb-padding-bottom:20px;--awb-flex-wrap:wrap;\" ><div class=\"fusion-builder-row fusion-row\"><div class=\"fusion-layout-column fusion_builder_column fusion-builder-column-0 fusion_builder_column_1_1 1_1 fusion-one-full fusion-column-first fusion-column-last\" style=\"--awb-bg-size:cover;\"><div class=\"fusion-column-wrapper fusion-flex-column-wrapper-legacy\"><div class=\"fusion-text fusion-text-1\"><p><strong>HOMENAGENS<br \/>\n<\/strong>RECONHECIMENTO DE PARCERIAS EMPRESARIAIS FEUP PRIME<br \/>\nHOMENAGEM A APOSENTADOS E JUBILADOS 2025<br \/>\nHOMENAGEM 25 ANOS AO SERVI\u00c7O DA FEUP<\/p>\n<p><strong>PR\u00c9MIOS INSTITUCIONAIS E DE RECONHECIMENTO<br \/>\n<\/strong>PR\u00c9MIO MAIS IDEIAS SUSTENT\u00c1VEIS &#8211; EDI\u00c7\u00c3O 2025<br \/>\nPR\u00c9MIO FEUP RECONHECIMENTO SOCIAL 2025<br \/>\nPR\u00c9MIO DE RECONHECIMENTO DE DESEMPENHO<br \/>\nPR\u00c9MIOS DE RECONHECIMENTO PEDAG\u00d3GICO<br \/>\nPR\u00c9MIOS DE RECONHECIMENTO CIENT\u00cdFICO<br \/>\nPR\u00c9MIO DE EXCEL\u00caNCIA PEDAG\u00d3GICA<br \/>\nPR\u00c9MIO DE EXCEL\u00caNCIA CIENT\u00cdFICA<br \/>\nPR\u00c9MIO ENGENHARIA DISTINTA NO FEMININO<\/p>\n<\/div><div class=\"fusion-clearfix\"><\/div><\/div><\/div><\/div><\/div>\n","protected":false},"excerpt":{"rendered":"","protected":false},"author":1,"featured_media":0,"parent":0,"menu_order":0,"comment_status":"closed","ping_status":"closed","template":"100-width.php","meta":{"footnotes":""},"class_list":["post-1643","page","type-page","status-publish","hentry"],"_links":{"self":[{"href":"https:\/\/fe.up.pt\/diafeup\/2026\/wp-json\/wp\/v2\/pages\/1643","targetHints":{"allow":["GET"]}}],"collection":[{"href":"https:\/\/fe.up.pt\/diafeup\/2026\/wp-json\/wp\/v2\/pages"}],"about":[{"href":"https:\/\/fe.up.pt\/diafeup\/2026\/wp-json\/wp\/v2\/types\/page"}],"author":[{"embeddable":true,"href":"https:\/\/fe.up.pt\/diafeup\/2026\/wp-json\/wp\/v2\/users\/1"}],"replies":[{"embeddable":true,"href":"https:\/\/fe.up.pt\/diafeup\/2026\/wp-json\/wp\/v2\/comments?post=1643"}],"version-history":[{"count":22,"href":"https:\/\/fe.up.pt\/diafeup\/2026\/wp-json\/wp\/v2\/pages\/1643\/revisions"}],"predecessor-version":[{"id":4684,"href":"https:\/\/fe.up.pt\/diafeup\/2026\/wp-json\/wp\/v2\/pages\/1643\/revisions\/4684"}],"wp:attachment":[{"href":"https:\/\/fe.up.pt\/diafeup\/2026\/wp-json\/wp\/v2\/media?parent=1643"}],"curies":[{"name":"wp","href":"https:\/\/api.w.org\/{rel}","templated":true}]}}