{"id":3684,"date":"2024-12-17T16:14:38","date_gmt":"2024-12-17T16:14:38","guid":{"rendered":"https:\/\/fe.up.pt\/diafeup\/2025\/?page_id=3684"},"modified":"2025-01-08T16:58:15","modified_gmt":"2025-01-08T16:58:15","slug":"feup-em-festa","status":"publish","type":"page","link":"https:\/\/fe.up.pt\/diafeup\/2025\/programa\/feup-em-festa\/","title":{"rendered":"FEUP em Festa"},"content":{"rendered":"<div class=\"fusion-fullwidth fullwidth-box fusion-builder-row-1 fusion-flex-container has-pattern-background has-mask-background nonhundred-percent-fullwidth non-hundred-percent-height-scrolling\" style=\"--awb-border-radius-top-left:0px;--awb-border-radius-top-right:0px;--awb-border-radius-bottom-right:0px;--awb-border-radius-bottom-left:0px;--awb-flex-wrap:wrap;\" ><div class=\"fusion-builder-row fusion-row fusion-flex-align-items-flex-start fusion-flex-content-wrap\" style=\"max-width:1206.4px;margin-left: calc(-4% \/ 2 );margin-right: calc(-4% \/ 2 );\"><div class=\"fusion-layout-column fusion_builder_column fusion-builder-column-0 fusion_builder_column_1_1 1_1 fusion-flex-column\" style=\"--awb-bg-size:cover;--awb-width-large:100%;--awb-margin-top-large:0px;--awb-spacing-right-large:1.92%;--awb-margin-bottom-large:20px;--awb-spacing-left-large:1.92%;--awb-width-medium:100%;--awb-order-medium:0;--awb-spacing-right-medium:1.92%;--awb-spacing-left-medium:1.92%;--awb-width-small:100%;--awb-order-small:0;--awb-spacing-right-small:1.92%;--awb-spacing-left-small:1.92%;\"><div class=\"fusion-column-wrapper fusion-column-has-shadow fusion-flex-justify-content-flex-start fusion-content-layout-column\"><div class=\"fusion-text fusion-text-1\"><p><strong><span style=\"font-weight: 400;\">Um Dia de Todos, para Todos, \u00e9 o mote do Dia da FEUP 2025, e, por isso, a <\/span><\/strong>proposta \u00e9 marcarmos a tarde deste dia com um evento &#8220;fora da caixa&#8221;, que seja um momento de conv\u00edvio e festa, onde ser\u00e3o homenageadas as pessoas da nossa institui\u00e7\u00e3o.<\/p>\n<p>Num ambiente informal o <strong>FEUP em Festa<\/strong> \u00e9 um convite \u00e0 comunidade interna e externa para a festa do ano.<\/p>\n<p>O evento ter\u00e1 lugar no Audit\u00f3rio Prof. Doutor Jos\u00e9 Marques dos Santos, entre as 14h30 e as 16h30.<\/p>\n<p>A entrada \u00e9 livre.<\/p>\n<p style=\"font-weight: 400;\"><strong><em>Programa<\/em><\/strong><\/p>\n<p style=\"font-weight: 400;\">Boas-vindas pelo Diretor da FEUP, Prof. Doutor Rui Cal\u00e7ada<\/p>\n<p style=\"font-weight: 400;\">Homenagem a aposentados 2024 e aos colaboradores que completam 25 anos ao servi\u00e7o da FEUP<\/p>\n<p style=\"font-weight: 400;\">Pr\u00e9mio FEUP &#8211; Reconhecimento Social 2024<\/p>\n<p style=\"font-weight: 400;\">Pr\u00e9mio Mais Ideias Sustent\u00e1veis &#8211; Edi\u00e7\u00e3o 2024<\/p>\n<p style=\"font-weight: 400;\">Pr\u00e9mio Concurso de Escrita Criativa da FEUP<\/p>\n<p style=\"font-weight: 400;\"><em>V\u00eddeo FEUP em revista 2024<\/em><\/p>\n<p style=\"font-weight: 400;\">Entrega de Diplomas de Reconhecimento Cient\u00edfico e Pedag\u00f3gico<\/p>\n<p style=\"font-weight: 400;\">Men\u00e7\u00f5es de Desempenho Excelente<\/p>\n<p><em>Flash Mob da Brass Band<\/em><\/p>\n<p style=\"font-weight: 400;\">Parab\u00e9ns \u00e0 FEUP no \u00c1trio de Entrada<\/p>\n<h4 style=\"font-weight: 400;\"><em>(apresenta\u00e7\u00e3o por <a href=\"https:\/\/www.instagram.com\/maxmomentum\/\">Max Oliveira<\/a>)<\/em><\/h4>\n<\/div><\/div><\/div><\/div><\/div>\n","protected":false},"excerpt":{"rendered":"","protected":false},"author":1,"featured_media":0,"parent":1569,"menu_order":0,"comment_status":"closed","ping_status":"closed","template":"","meta":{"footnotes":""},"class_list":["post-3684","page","type-page","status-publish","hentry"],"_links":{"self":[{"href":"https:\/\/fe.up.pt\/diafeup\/2025\/wp-json\/wp\/v2\/pages\/3684","targetHints":{"allow":["GET"]}}],"collection":[{"href":"https:\/\/fe.up.pt\/diafeup\/2025\/wp-json\/wp\/v2\/pages"}],"about":[{"href":"https:\/\/fe.up.pt\/diafeup\/2025\/wp-json\/wp\/v2\/types\/page"}],"author":[{"embeddable":true,"href":"https:\/\/fe.up.pt\/diafeup\/2025\/wp-json\/wp\/v2\/users\/1"}],"replies":[{"embeddable":true,"href":"https:\/\/fe.up.pt\/diafeup\/2025\/wp-json\/wp\/v2\/comments?post=3684"}],"version-history":[{"count":10,"href":"https:\/\/fe.up.pt\/diafeup\/2025\/wp-json\/wp\/v2\/pages\/3684\/revisions"}],"predecessor-version":[{"id":3806,"href":"https:\/\/fe.up.pt\/diafeup\/2025\/wp-json\/wp\/v2\/pages\/3684\/revisions\/3806"}],"up":[{"embeddable":true,"href":"https:\/\/fe.up.pt\/diafeup\/2025\/wp-json\/wp\/v2\/pages\/1569"}],"wp:attachment":[{"href":"https:\/\/fe.up.pt\/diafeup\/2025\/wp-json\/wp\/v2\/media?parent=3684"}],"curies":[{"name":"wp","href":"https:\/\/api.w.org\/{rel}","templated":true}]}}