{"id":3633,"date":"2024-12-16T13:49:39","date_gmt":"2024-12-16T13:49:39","guid":{"rendered":"https:\/\/fe.up.pt\/diafeup\/2025\/?page_id=3633"},"modified":"2025-01-09T12:48:44","modified_gmt":"2025-01-09T12:48:44","slug":"homenagem-25-anos-na-asprela","status":"publish","type":"page","link":"https:\/\/fe.up.pt\/diafeup\/2025\/premios-e-homenagens\/homenagem-25-anos-na-asprela\/","title":{"rendered":"Homenagem 25 anos ao servi\u00e7o da FEUP"},"content":{"rendered":"<div class=\"fusion-fullwidth fullwidth-box fusion-builder-row-1 fusion-flex-container has-pattern-background has-mask-background nonhundred-percent-fullwidth non-hundred-percent-height-scrolling\" style=\"--awb-border-radius-top-left:0px;--awb-border-radius-top-right:0px;--awb-border-radius-bottom-right:0px;--awb-border-radius-bottom-left:0px;--awb-flex-wrap:wrap;\" ><div class=\"fusion-builder-row fusion-row fusion-flex-align-items-flex-start fusion-flex-content-wrap\" style=\"max-width:1206.4px;margin-left: calc(-4% \/ 2 );margin-right: calc(-4% \/ 2 );\"><div class=\"fusion-layout-column fusion_builder_column fusion-builder-column-0 fusion_builder_column_1_1 1_1 fusion-flex-column\" style=\"--awb-bg-size:cover;--awb-width-large:100%;--awb-margin-top-large:0px;--awb-spacing-right-large:1.92%;--awb-margin-bottom-large:20px;--awb-spacing-left-large:1.92%;--awb-width-medium:100%;--awb-order-medium:0;--awb-spacing-right-medium:1.92%;--awb-spacing-left-medium:1.92%;--awb-width-small:100%;--awb-order-small:0;--awb-spacing-right-small:1.92%;--awb-spacing-left-small:1.92%;\"><div class=\"fusion-column-wrapper fusion-column-has-shadow fusion-flex-justify-content-flex-start fusion-content-layout-column\"><div class=\"fusion-text fusion-text-1\"><p>Alcina Veloso Barreira Pereira (DECG)<br \/>\nAnt\u00f3nio Milton Topa Gomes (DECG)<br \/>\nCarlos Daniel Diogo Matias Pintassilgo (DEQB)<br \/>\nCarlos Jo\u00e3o Rodrigues Costa Ramos (DEEC)<br \/>\nCarlos Manuel Cardoso de Oliveira (SICC)<br \/>\nCarlos Manuel Ramos Moutinho (DECG)<br \/>\nCastorina Fernanda Silva Vieira (DECG)<br \/>\nFernando Manuel Brand\u00e3o Alves (DECG)<br \/>\nJo\u00e3o Paulo Sousa Costa de Miranda Guedes (DECG)<br \/>\nJo\u00e3o Pedro Barata Rocha Falc\u00e3o Carneiro (DEMEC)<br \/>\nJo\u00e3o Pedro Carvalho Leal Mendes Moreira (DEI)<br \/>\nJorge Manuel Gomes Barbosa (DEI)<br \/>\nJos\u00e9 Carlos Magalh\u00e3es Duque da Fonseca (DEMEC)<br \/>\nLu\u00eds Miguel Fortuna Rodrigues Martelo (DEQB)<br \/>\nLu\u00eds Miguel Meireles Bessa Costa (SDI)<br \/>\nManuel Fernando Ribeiro Pereira (DEQB)<br \/>\nMaria Ascens\u00e3o Ferreira Silva Lopes (DEMEC)<br \/>\nMaria Judite da Concei\u00e7\u00e3o Gon\u00e7alves Rodrigues (GOI)<br \/>\nMaria Leonor Paulino Lopes (SDI)<br \/>\nMaria Margarida de Amorim Ferreira (DEEC)<br \/>\nM\u00e1rio Jorge Dias Guindeira (DEMEC)<br \/>\nMarta Cristina Ferreira Poinhas de Lima da Costa (DECG)<br \/>\nSandra Marina Oliveira Alves Machado (SDI)<br \/>\nSandra Regina Neves Costa (SEF)<br \/>\nNuno Alexandre Lopes Moreira da Cruz (DEEC)<br \/>\nNuno Domingues Mateus Pedroso Soares (DEGI)<br \/>\nNuno Emanuel Paiva de Andrade (SDI)<br \/>\nNuno Filipe Vila\u00e7a de Almeida Portela (SDI)<br \/>\nSandra Marina Oliveira Alves Machado (SDI)<br \/>\nSara Maria Pinho Ferreira (DECG)<br \/>\nS\u00f3nia Alexandra Soares Braga (SDI)<br \/>\nS\u00f3nia Cristina Ferreira Medeiros (<span style=\"font-weight: 400;\">DEQB)<\/span><\/p>\n<\/div><\/div><\/div><\/div><\/div>\n","protected":false},"excerpt":{"rendered":"","protected":false},"author":1,"featured_media":0,"parent":1643,"menu_order":0,"comment_status":"closed","ping_status":"closed","template":"","meta":{"footnotes":""},"class_list":["post-3633","page","type-page","status-publish","hentry"],"_links":{"self":[{"href":"https:\/\/fe.up.pt\/diafeup\/2025\/wp-json\/wp\/v2\/pages\/3633","targetHints":{"allow":["GET"]}}],"collection":[{"href":"https:\/\/fe.up.pt\/diafeup\/2025\/wp-json\/wp\/v2\/pages"}],"about":[{"href":"https:\/\/fe.up.pt\/diafeup\/2025\/wp-json\/wp\/v2\/types\/page"}],"author":[{"embeddable":true,"href":"https:\/\/fe.up.pt\/diafeup\/2025\/wp-json\/wp\/v2\/users\/1"}],"replies":[{"embeddable":true,"href":"https:\/\/fe.up.pt\/diafeup\/2025\/wp-json\/wp\/v2\/comments?post=3633"}],"version-history":[{"count":12,"href":"https:\/\/fe.up.pt\/diafeup\/2025\/wp-json\/wp\/v2\/pages\/3633\/revisions"}],"predecessor-version":[{"id":3824,"href":"https:\/\/fe.up.pt\/diafeup\/2025\/wp-json\/wp\/v2\/pages\/3633\/revisions\/3824"}],"up":[{"embeddable":true,"href":"https:\/\/fe.up.pt\/diafeup\/2025\/wp-json\/wp\/v2\/pages\/1643"}],"wp:attachment":[{"href":"https:\/\/fe.up.pt\/diafeup\/2025\/wp-json\/wp\/v2\/media?parent=3633"}],"curies":[{"name":"wp","href":"https:\/\/api.w.org\/{rel}","templated":true}]}}