{"id":3143,"date":"2023-12-18T13:28:44","date_gmt":"2023-12-18T13:28:44","guid":{"rendered":"https:\/\/fe.up.pt\/diafeup\/2025\/?page_id=3143"},"modified":"2024-12-20T16:44:18","modified_gmt":"2024-12-20T16:44:18","slug":"premios-de-reconhecimento-pedagogico","status":"publish","type":"page","link":"https:\/\/fe.up.pt\/diafeup\/2025\/premios-e-homenagens\/premios-de-reconhecimento-pedagogico\/","title":{"rendered":"Reconhecimento Pedag\u00f3gico"},"content":{"rendered":"<div class=\"fusion-fullwidth fullwidth-box fusion-builder-row-1 fusion-flex-container has-pattern-background has-mask-background nonhundred-percent-fullwidth non-hundred-percent-height-scrolling\" style=\"--awb-border-radius-top-left:0px;--awb-border-radius-top-right:0px;--awb-border-radius-bottom-right:0px;--awb-border-radius-bottom-left:0px;--awb-flex-wrap:wrap;\" ><div class=\"fusion-builder-row fusion-row fusion-flex-align-items-flex-start fusion-flex-content-wrap\" style=\"max-width:1206.4px;margin-left: calc(-4% \/ 2 );margin-right: calc(-4% \/ 2 );\"><div class=\"fusion-layout-column fusion_builder_column fusion-builder-column-0 fusion_builder_column_1_1 1_1 fusion-flex-column\" style=\"--awb-bg-size:cover;--awb-width-large:100%;--awb-margin-top-large:0px;--awb-spacing-right-large:1.92%;--awb-margin-bottom-large:20px;--awb-spacing-left-large:1.92%;--awb-width-medium:100%;--awb-order-medium:0;--awb-spacing-right-medium:1.92%;--awb-spacing-left-medium:1.92%;--awb-width-small:100%;--awb-order-small:0;--awb-spacing-right-small:1.92%;--awb-spacing-left-small:1.92%;\"><div class=\"fusion-column-wrapper fusion-column-has-shadow fusion-flex-justify-content-flex-start fusion-content-layout-column\"><div class=\"fusion-text fusion-text-1\"><table width=\"464\" data-sheets-root=\"1\" data-sheets-baot=\"1\">\n<tbody>\n<tr>\n<td width=\"400\">Ademar Manuel Teixeira de Aguiar<\/td>\n<td width=\"64\">DEI<\/td>\n<\/tr>\n<tr>\n<td>Alexandra Sofia Ferreira Mendes<\/td>\n<td>DEI<\/td>\n<\/tr>\n<tr>\n<td>Alexandre Filipe Porf\u00edrio Ferreira<\/td>\n<td>DEQB<\/td>\n<\/tr>\n<tr>\n<td>Ana Cristina Ramada Paiva<\/td>\n<td>DEI<\/td>\n<\/tr>\n<tr>\n<td>Andr\u00e9 Monteiro de Oliveira Restivo<\/td>\n<td>DEI<\/td>\n<\/tr>\n<tr>\n<td>Andry Maykol Gomes Pinto<\/td>\n<td>DEEC<\/td>\n<\/tr>\n<tr>\n<td>Ant\u00f3nio Carlos Pinheiro Fernandes<\/td>\n<td>DECG<\/td>\n<\/tr>\n<tr>\n<td>Ant\u00f3nio Fernando Vasconcelos Cunha Castro Coelho<\/td>\n<td>DEI<\/td>\n<\/tr>\n<tr>\n<td>Ant\u00f3nio Joaquim Mendes Ferreira<\/td>\n<td>DEMec<\/td>\n<\/tr>\n<tr>\n<td>Ant\u00f3nio Jos\u00e9 dos Santos Silva<\/td>\n<td>DEQB<\/td>\n<\/tr>\n<tr>\n<td>Ant\u00f3nio Lu\u00eds Galamba de Oliveira Felgueiras de Carvalho<\/td>\n<td>DEMec<\/td>\n<\/tr>\n<tr>\n<td>Ant\u00f3nio Manuel P\u00e9rez da Silva Babo<\/td>\n<td>DECG<\/td>\n<\/tr>\n<tr>\n<td>Bruno Miguel Carvalhido Lima<\/td>\n<td>DEI<\/td>\n<\/tr>\n<tr>\n<td>Carla Maria Cruz<\/td>\n<td>DEMec<\/td>\n<\/tr>\n<tr>\n<td>Carlos Daniel Diogo Matias Pintassilgo<\/td>\n<td>DEQB<\/td>\n<\/tr>\n<tr>\n<td>Cid\u00e1lia Maria de Sousa Botelho<\/td>\n<td>DEQB<\/td>\n<\/tr>\n<tr>\n<td>Claudia No\u00e9mia Soares de Sousa<\/td>\n<td>DEEC<\/td>\n<\/tr>\n<tr>\n<td>Cl\u00e1udia Sofia Castro Gomes da Silva<\/td>\n<td>DEQB<\/td>\n<\/tr>\n<tr>\n<td>Cristina Maria Monteiro dos Santos<\/td>\n<td>DECG<\/td>\n<\/tr>\n<tr>\n<td>Diego Calvetti Ney<\/td>\n<td>DECG<\/td>\n<\/tr>\n<tr>\n<td>Diogo Pernes da Cunha<\/td>\n<td>DEEC<\/td>\n<\/tr>\n<tr>\n<td>Elsa Wellenkamp de Sequeiros<\/td>\n<td>DEMec<\/td>\n<\/tr>\n<tr>\n<td>Fernando Gomes Martins<\/td>\n<td>DEQB<\/td>\n<\/tr>\n<tr>\n<td>Fernando Jorge Lino Alves<\/td>\n<td>DEMec<\/td>\n<\/tr>\n<tr>\n<td>Fernando Manuel Brand\u00e3o Alves<\/td>\n<td>DECG<\/td>\n<\/tr>\n<tr>\n<td>Fern\u00e3o Domingos de Montenegro Baptista Malheiro de Magalh\u00e3es<\/td>\n<td>DEQB<\/td>\n<\/tr>\n<tr>\n<td>Filipa Mar\u00edlia Monteiro Ramos<\/td>\n<td>DEI<\/td>\n<\/tr>\n<tr>\n<td>Filipe Alexandre Pais de Figueiredo Correia<\/td>\n<td>DEI<\/td>\n<\/tr>\n<tr>\n<td>Filipe Borges Teixeira<\/td>\n<td>DEEC<\/td>\n<\/tr>\n<tr>\n<td>Filipe Manuel Rodrigues Leite Magalh\u00e3es<\/td>\n<td>DECG<\/td>\n<\/tr>\n<tr>\n<td>Francisco Galindo Rosales<\/td>\n<td>DEQB<\/td>\n<\/tr>\n<tr>\n<td>Francisco Xavier Delgado Domingos Antunes Malcata<\/td>\n<td>DEQB<\/td>\n<\/tr>\n<tr>\n<td>Gon\u00e7alo da Mota Laranjeira Torres Le\u00e3o<\/td>\n<td>DEI<\/td>\n<\/tr>\n<tr>\n<td>Hermilio Carneiro Vilarinho Fernandes<\/td>\n<td>DEGI<\/td>\n<\/tr>\n<tr>\n<td>In\u00eas Bezerra Gomes<\/td>\n<td>DEQB<\/td>\n<\/tr>\n<tr>\n<td>Joana Fernandes Maia<\/td>\n<td>DECG<\/td>\n<\/tr>\n<tr>\n<td>Jo\u00e3o Ant\u00f3nio Correia Lopes<\/td>\n<td>DEI<\/td>\n<\/tr>\n<tr>\n<td>Jo\u00e3o Bernardo Lares Moreira de Campos<\/td>\n<td>DEQB<\/td>\n<\/tr>\n<tr>\n<td>Jo\u00e3o Carlos Viegas Martins Bispo<\/td>\n<td>DEI<\/td>\n<\/tr>\n<tr>\n<td>Jo\u00e3o Pedro Gomes Moreira P\u00eago<\/td>\n<td>DECG<\/td>\n<\/tr>\n<tr>\n<td>Jo\u00e3o Pedro Matos Teixeira Dias<\/td>\n<td>DEI<\/td>\n<\/tr>\n<tr>\n<td>Joaquim Gabriel Magalh\u00e3es Mendes<\/td>\n<td>DEMec<\/td>\n<\/tr>\n<tr>\n<td>Jorge Manuel Fachana Moreira da Costa<\/td>\n<td>DECG<\/td>\n<\/tr>\n<tr>\n<td>Jos\u00e9 Carlos dos Santos Alves<\/td>\n<td>DEEC<\/td>\n<\/tr>\n<tr>\n<td>Jos\u00e9 Carlos Magalh\u00e3es Duque da Fonseca<\/td>\n<td>DEMec<\/td>\n<\/tr>\n<tr>\n<td>Jos\u00e9 Eduardo Roque Neves dos Santos<\/td>\n<td>DEEC<\/td>\n<\/tr>\n<tr>\n<td>Jos\u00e9 Fernando da Costa Oliveira<\/td>\n<td>DEGI<\/td>\n<\/tr>\n<tr>\n<td>Jos\u00e9 Joaquim da Mota Machado<\/td>\n<td>DEMec<\/td>\n<\/tr>\n<tr>\n<td>Jos\u00e9 Manuel Marques Amorim de Ara\u00fajo Faria<\/td>\n<td>DECG<\/td>\n<\/tr>\n<tr>\n<td>Jos\u00e9 Nuno Moura Marques Fidalgo<\/td>\n<td>DEEC<\/td>\n<\/tr>\n<tr>\n<td>Jos\u00e9 Rui da Rocha Pinto Ferreira<\/td>\n<td>DEEC<\/td>\n<\/tr>\n<tr>\n<td>L\u00facia Maria da Silveira Santos<\/td>\n<td>DEQB<\/td>\n<\/tr>\n<tr>\n<td>Luciana Calheiros Ferreira Gomes<\/td>\n<td>DEQB<\/td>\n<\/tr>\n<tr>\n<td>Lu\u00eds Diogo de Almeida Outeiro<\/td>\n<td>DEEC<\/td>\n<\/tr>\n<tr>\n<td>Luis Filipe Campos Dias de Castro Reis<\/td>\n<td>DEGI<\/td>\n<\/tr>\n<tr>\n<td>Lu\u00eds Filipe Pinto de Almeida Teixeira<\/td>\n<td>DEI<\/td>\n<\/tr>\n<tr>\n<td>Luis Miguel Pinho de Almeida<\/td>\n<td>DEEC<\/td>\n<\/tr>\n<tr>\n<td>Manuel C\u00e2ndido Duarte dos Santos<\/td>\n<td>DEEC<\/td>\n<\/tr>\n<tr>\n<td>Manuel Fernando Ribeiro Pereira<\/td>\n<td>DEQB<\/td>\n<\/tr>\n<tr>\n<td>Manuel Jos\u00e9 Vieira Sim\u00f5es<\/td>\n<td>DEQB<\/td>\n<\/tr>\n<tr>\n<td>Margarida Sarmento e Cunha Abrunhosa de Brito<\/td>\n<td>DEQB<\/td>\n<\/tr>\n<tr>\n<td>Maria Cristina da Costa Vila<\/td>\n<td>DECG<\/td>\n<\/tr>\n<tr>\n<td>Maria do Carmo da Costa Patrocinio Coimbra<\/td>\n<td>DECG<\/td>\n<\/tr>\n<tr>\n<td>Maria Gabriela Beir\u00e3o dos Santos<\/td>\n<td>DEGI<\/td>\n<\/tr>\n<tr>\n<td>Maria Helena Os\u00f3rio Pestana de Vasconcelos<\/td>\n<td>DEEC<\/td>\n<\/tr>\n<tr>\n<td>Maria Henriqueta Dourado Eus\u00e9bio Sampaio da N\u00f3voa<\/td>\n<td>DEGI<\/td>\n<\/tr>\n<tr>\n<td>Maria Jo\u00e3o Afonso Gil Pires<\/td>\n<td>DEGI<\/td>\n<\/tr>\n<tr>\n<td>Maria Pia de Melo Alvim Ferraz Tavares<\/td>\n<td>DEMec<\/td>\n<\/tr>\n<tr>\n<td>Mariana Rocha Carvalho<\/td>\n<td>DEMec<\/td>\n<\/tr>\n<tr>\n<td>Miguel \u00c2ngelo Azenha Rodrigues<\/td>\n<td>DEMec<\/td>\n<\/tr>\n<tr>\n<td>Nelson Saraiva Vila Pouca<\/td>\n<td>DECG<\/td>\n<\/tr>\n<tr>\n<td>Nuno Filipe Gomes Cardoso<\/td>\n<td>DEI<\/td>\n<\/tr>\n<tr>\n<td>Nuno Hon\u00f3rio Rodrigues Flores<\/td>\n<td>DEI<\/td>\n<\/tr>\n<tr>\n<td>Ol\u00edvia Salom\u00e9 Gon\u00e7alves Pinto Soares<\/td>\n<td>DEQB<\/td>\n<\/tr>\n<tr>\n<td>Paulo Jos\u00e9 da Silva Martins Coelho<\/td>\n<td>DEMec<\/td>\n<\/tr>\n<tr>\n<td>Paulo Santos Concei\u00e7\u00e3o<\/td>\n<td>DECG<\/td>\n<\/tr>\n<tr>\n<td>R\u00faben Filipe da Silva Santos<\/td>\n<td>DEMec<\/td>\n<\/tr>\n<tr>\n<td>Rui Lopes Campos<\/td>\n<td>DEEC<\/td>\n<\/tr>\n<tr>\n<td>Rui Manuel Gon\u00e7alves Calejo Rodrigues<\/td>\n<td>DECG<\/td>\n<\/tr>\n<tr>\n<td>Rui Pedro Amaral Rodrigues<\/td>\n<td>DEI<\/td>\n<\/tr>\n<tr>\n<td>Sara Filipa Couto Fernandes<\/td>\n<td>DEI<\/td>\n<\/tr>\n<tr>\n<td>Sara Rios da Rocha e Silva<\/td>\n<td>DECG<\/td>\n<\/tr>\n<tr>\n<td>Teresa Carla de Canha e Matos<\/td>\n<td>DEI<\/td>\n<\/tr>\n<tr>\n<td>Thiago Sobral Marques da Silva<\/td>\n<td>DEGI<\/td>\n<\/tr>\n<tr>\n<td>Tiago Boldt Pereira de Sousa<\/td>\n<td>DEI<\/td>\n<\/tr>\n<tr>\n<td>Tiago Jo\u00e3o Fazeres Marques Ferradosa<\/td>\n<td>DECG<\/td>\n<\/tr>\n<tr>\n<td>Tiago Rui Silva Sabino<\/td>\n<td>DEMec<\/td>\n<\/tr>\n<\/tbody>\n<\/table>\n<\/div><\/div><\/div><\/div><\/div>\n","protected":false},"excerpt":{"rendered":"","protected":false},"author":1,"featured_media":0,"parent":1643,"menu_order":0,"comment_status":"closed","ping_status":"closed","template":"","meta":{"footnotes":""},"class_list":["post-3143","page","type-page","status-publish","hentry"],"_links":{"self":[{"href":"https:\/\/fe.up.pt\/diafeup\/2025\/wp-json\/wp\/v2\/pages\/3143","targetHints":{"allow":["GET"]}}],"collection":[{"href":"https:\/\/fe.up.pt\/diafeup\/2025\/wp-json\/wp\/v2\/pages"}],"about":[{"href":"https:\/\/fe.up.pt\/diafeup\/2025\/wp-json\/wp\/v2\/types\/page"}],"author":[{"embeddable":true,"href":"https:\/\/fe.up.pt\/diafeup\/2025\/wp-json\/wp\/v2\/users\/1"}],"replies":[{"embeddable":true,"href":"https:\/\/fe.up.pt\/diafeup\/2025\/wp-json\/wp\/v2\/comments?post=3143"}],"version-history":[{"count":13,"href":"https:\/\/fe.up.pt\/diafeup\/2025\/wp-json\/wp\/v2\/pages\/3143\/revisions"}],"predecessor-version":[{"id":3759,"href":"https:\/\/fe.up.pt\/diafeup\/2025\/wp-json\/wp\/v2\/pages\/3143\/revisions\/3759"}],"up":[{"embeddable":true,"href":"https:\/\/fe.up.pt\/diafeup\/2025\/wp-json\/wp\/v2\/pages\/1643"}],"wp:attachment":[{"href":"https:\/\/fe.up.pt\/diafeup\/2025\/wp-json\/wp\/v2\/media?parent=3143"}],"curies":[{"name":"wp","href":"https:\/\/api.w.org\/{rel}","templated":true}]}}