{"id":4111,"date":"2020-06-04T15:15:39","date_gmt":"2020-06-04T15:15:39","guid":{"rendered":"https:\/\/fe.up.pt\/degi\/?page_id=4111"},"modified":"2024-11-22T16:33:24","modified_gmt":"2024-11-22T16:33:24","slug":"news-events","status":"publish","type":"page","link":"https:\/\/fe.up.pt\/degi\/news-events\/","title":{"rendered":"News &#038; Events"},"content":{"rendered":"<div class=\"fusion-fullwidth fullwidth-box fusion-builder-row-1 nonhundred-percent-fullwidth non-hundred-percent-height-scrolling\" style=\"--awb-border-radius-top-left:0px;--awb-border-radius-top-right:0px;--awb-border-radius-bottom-right:0px;--awb-border-radius-bottom-left:0px;--awb-flex-wrap:wrap;\" ><div class=\"fusion-builder-row fusion-row\"><div class=\"fusion-layout-column fusion_builder_column fusion-builder-column-0 fusion_builder_column_1_1 1_1 fusion-one-full fusion-column-first fusion-column-last\" style=\"--awb-bg-size:cover;\"><div class=\"fusion-column-wrapper fusion-flex-column-wrapper-legacy\"><div class=\"fusion-blog-shortcode fusion-blog-shortcode-1 fusion-blog-archive fusion-blog-layout-grid-wrapper fusion-blog-infinite fusion-blog-layout-center blog-grid\" style=\"--grid_separator_color:rgba(224,222,222,0);\"><style type=\"text\/css\">.fusion-blog-shortcode-1 .fusion-blog-layout-grid .fusion-post-grid{padding:5px;}.fusion-blog-shortcode-1 .fusion-posts-container{margin-left: -5px !important; margin-right:-5px !important;}<\/style><div class=\"fusion-posts-container fusion-posts-container-infinite fusion-posts-container-load-more fusion-no-meta-info fusion-blog-rollover fusion-blog-layout-grid fusion-blog-layout-grid-3 isotope\" data-pages=\"6\" data-grid-col-space=\"10\" style=\"margin: -5px -5px 0;min-height:500px;\"><article id=\"blog-1-post-5897\" class=\"fusion-post-grid post-5897 post type-post status-publish format-standard has-post-thumbnail hentry category-destaque category-news category-sem-categoria\">\n<div class=\"fusion-post-wrapper\" style=\"background-color:rgba(255,255,255,0);border:1px solid #dddddd;border-bottom-width:3px;\">\r\n\r\n\t\t\t<div class=\"fusion-flexslider flexslider fusion-flexslider-loading fusion-post-slideshow\" style=\"border-color:#dddddd;\">\r\n\t\t<ul class=\"slides\">\r\n\t\t\t\r\n\t\t\t\t\t\t\t\t\t\t\t\t\t\t<li><div  class=\"fusion-image-wrapper\" aria-haspopup=\"true\">\r\n\t\t\t\t<img decoding=\"async\" width=\"1240\" height=\"600\" src=\"https:\/\/fe.up.pt\/degi\/wp-content\/uploads\/2020\/07\/default.jpg\" class=\"attachment-full size-full wp-post-image default-featured-img\" alt=\"\" srcset=\"https:\/\/fe.up.pt\/degi\/wp-content\/uploads\/2020\/07\/default-200x97.jpg 200w, https:\/\/fe.up.pt\/degi\/wp-content\/uploads\/2020\/07\/default-400x194.jpg 400w, https:\/\/fe.up.pt\/degi\/wp-content\/uploads\/2020\/07\/default-600x290.jpg 600w, https:\/\/fe.up.pt\/degi\/wp-content\/uploads\/2020\/07\/default-800x387.jpg 800w, https:\/\/fe.up.pt\/degi\/wp-content\/uploads\/2020\/07\/default-1200x581.jpg 1200w, https:\/\/fe.up.pt\/degi\/wp-content\/uploads\/2020\/07\/default.jpg 1240w\" sizes=\"(min-width: 2200px) 100vw, (min-width: 824px) 380px, (min-width: 732px) 570px, (min-width: 640px) 732px, \" \/><div class=\"fusion-rollover\">\r\n\t<div class=\"fusion-rollover-content\">\r\n\r\n\t\t\t\t\r\n\t\t\r\n\t\t\t\t\t\t\t\t\t\t\t\t<h4 class=\"fusion-rollover-title\">\r\n\t\t\t\t\t<a class=\"fusion-rollover-title-link\" href=\"https:\/\/fe.up.pt\/degi\/provas-de-doutoramento-em-engenharia-e-gestao-industrial-2\/\">\r\n\t\t\t\t\t\tProvas de Doutoramento em Engenharia e Gest\u00e3o Industrial\t\t\t\t\t<\/a>\r\n\t\t\t\t<\/h4>\r\n\t\t\t\r\n\t\t\t\t\t\t\t\t\r\n\t\t\r\n\t\t\t\t\t\t<a class=\"fusion-link-wrapper\" href=\"https:\/\/fe.up.pt\/degi\/provas-de-doutoramento-em-engenharia-e-gestao-industrial-2\/\" aria-label=\"Provas de Doutoramento em Engenharia e Gest\u00e3o Industrial\"><\/a>\r\n\t<\/div>\r\n<\/div>\r\n<\/div>\r\n<\/li>\r\n\t\t\t\r\n\t\t\t\r\n\t\t\t\t\t\t\t\t\t\t\t\t\t\t\t\t\t\t\t\t\t\t\t\t\t\t\t\t\t\t\t\t\t\t\t\t\t\t\t\t\t\t\t\t\t\t\t\t\t\t\t\t\t\t\t\t\t\t\t\t\t\t\t\t\t\t\t\t<\/ul>\r\n\t<\/div>\r\n\t<div class=\"fusion-post-content-wrapper\" style=\"padding:30px 25px 20px 25px;\"><div class=\"fusion-post-content post-content\"><h2 class=\"blog-shortcode-post-title entry-title\"><a href=\"https:\/\/fe.up.pt\/degi\/provas-de-doutoramento-em-engenharia-e-gestao-industrial-2\/\">Provas de Doutoramento em Engenharia e Gest\u00e3o Industrial<\/a><\/h2><div class=\"fusion-post-content-container\"><p>Provas de Doutoramento: ''Beyond ''Business as Usual'': Navigating the Dynamics of Service Ecosystems'' Provas de Doutoramento em Engenharia e Gest\u00e3o Industrial Requeridas por: Nabila As'ad Data, Hora e Local: 12 de\u00a0mar\u00e7o de 2025, \u00e0s 10h00 na Sala de Atos da Faculdade de Engenharia da Universidade do Porto Presidente do Jur\u00ed:<\/p><\/div><\/div><\/div><div class=\"fusion-clearfix\"><\/div><\/div>\n<\/article>\n<article id=\"blog-1-post-5891\" class=\"fusion-post-grid post-5891 post type-post status-publish format-standard has-post-thumbnail hentry category-destaque category-news category-sem-categoria\">\n<div class=\"fusion-post-wrapper\" style=\"background-color:rgba(255,255,255,0);border:1px solid #dddddd;border-bottom-width:3px;\">\r\n\r\n\t\t\t<div class=\"fusion-flexslider flexslider fusion-flexslider-loading fusion-post-slideshow\" style=\"border-color:#dddddd;\">\r\n\t\t<ul class=\"slides\">\r\n\t\t\t\r\n\t\t\t\t\t\t\t\t\t\t\t\t\t\t<li><div  class=\"fusion-image-wrapper\" aria-haspopup=\"true\">\r\n\t\t\t\t<img decoding=\"async\" width=\"2010\" height=\"1461\" src=\"https:\/\/fe.up.pt\/degi\/wp-content\/uploads\/2025\/03\/Picture1.png\" class=\"attachment-full size-full wp-post-image\" alt=\"\" srcset=\"https:\/\/fe.up.pt\/degi\/wp-content\/uploads\/2025\/03\/Picture1-200x145.png 200w, https:\/\/fe.up.pt\/degi\/wp-content\/uploads\/2025\/03\/Picture1-400x291.png 400w, https:\/\/fe.up.pt\/degi\/wp-content\/uploads\/2025\/03\/Picture1-600x436.png 600w, https:\/\/fe.up.pt\/degi\/wp-content\/uploads\/2025\/03\/Picture1-800x581.png 800w, https:\/\/fe.up.pt\/degi\/wp-content\/uploads\/2025\/03\/Picture1-1200x872.png 1200w, https:\/\/fe.up.pt\/degi\/wp-content\/uploads\/2025\/03\/Picture1.png 2010w\" sizes=\"(min-width: 2200px) 100vw, (min-width: 824px) 380px, (min-width: 732px) 570px, (min-width: 640px) 732px, \" \/><div class=\"fusion-rollover\">\r\n\t<div class=\"fusion-rollover-content\">\r\n\r\n\t\t\t\t\r\n\t\t\r\n\t\t\t\t\t\t\t\t\t\t\t\t<h4 class=\"fusion-rollover-title\">\r\n\t\t\t\t\t<a class=\"fusion-rollover-title-link\" href=\"https:\/\/fe.up.pt\/degi\/degi-has-2-new-associate-professors\/\">\r\n\t\t\t\t\t\tDEGI has 2 new Associate Professors!\t\t\t\t\t<\/a>\r\n\t\t\t\t<\/h4>\r\n\t\t\t\r\n\t\t\t\t\t\t\t\t\r\n\t\t\r\n\t\t\t\t\t\t<a class=\"fusion-link-wrapper\" href=\"https:\/\/fe.up.pt\/degi\/degi-has-2-new-associate-professors\/\" aria-label=\"DEGI has 2 new Associate Professors!\"><\/a>\r\n\t<\/div>\r\n<\/div>\r\n<\/div>\r\n<\/li>\r\n\t\t\t\r\n\t\t\t\r\n\t\t\t\t\t\t\t\t\t\t\t\t\t\t\t\t\t\t\t\t\t\t\t\t\t\t\t\t\t\t\t\t\t\t\t\t\t\t\t\t\t\t\t\t\t\t\t\t\t\t\t\t\t\t\t\t\t\t\t\t\t\t\t\t\t\t\t\t<\/ul>\r\n\t<\/div>\r\n\t<div class=\"fusion-post-content-wrapper\" style=\"padding:30px 25px 20px 25px;\"><div class=\"fusion-post-content post-content\"><h2 class=\"blog-shortcode-post-title entry-title\"><a href=\"https:\/\/fe.up.pt\/degi\/degi-has-2-new-associate-professors\/\">DEGI has 2 new Associate Professors!<\/a><\/h2><div class=\"fusion-post-content-container\"><p>DEGI has 2 new Associate Professors, Prof. Luis Guimar\u00e3es and\u00a0 Prof. Henriqueta N\u00f3voa took office on December 10,2024.<\/p><\/div><\/div><\/div><div class=\"fusion-clearfix\"><\/div><\/div>\n<\/article>\n<article id=\"blog-1-post-5884\" class=\"fusion-post-grid post-5884 post type-post status-publish format-standard has-post-thumbnail hentry category-destaque category-news category-sem-categoria\">\n<div class=\"fusion-post-wrapper\" style=\"background-color:rgba(255,255,255,0);border:1px solid #dddddd;border-bottom-width:3px;\">\r\n\r\n\t\t\t<div class=\"fusion-flexslider flexslider fusion-flexslider-loading fusion-post-slideshow\" style=\"border-color:#dddddd;\">\r\n\t\t<ul class=\"slides\">\r\n\t\t\t\r\n\t\t\t\t\t\t\t\t\t\t\t\t\t\t<li><div  class=\"fusion-image-wrapper\" aria-haspopup=\"true\">\r\n\t\t\t\t<img decoding=\"async\" width=\"968\" height=\"1091\" src=\"https:\/\/fe.up.pt\/degi\/wp-content\/uploads\/2025\/03\/ALA_Tomada-de-posse-2.jpg\" class=\"attachment-full size-full wp-post-image\" alt=\"\" srcset=\"https:\/\/fe.up.pt\/degi\/wp-content\/uploads\/2025\/03\/ALA_Tomada-de-posse-2-200x225.jpg 200w, https:\/\/fe.up.pt\/degi\/wp-content\/uploads\/2025\/03\/ALA_Tomada-de-posse-2-400x451.jpg 400w, https:\/\/fe.up.pt\/degi\/wp-content\/uploads\/2025\/03\/ALA_Tomada-de-posse-2-600x676.jpg 600w, https:\/\/fe.up.pt\/degi\/wp-content\/uploads\/2025\/03\/ALA_Tomada-de-posse-2-800x902.jpg 800w, https:\/\/fe.up.pt\/degi\/wp-content\/uploads\/2025\/03\/ALA_Tomada-de-posse-2.jpg 968w\" sizes=\"(min-width: 2200px) 100vw, (min-width: 824px) 380px, (min-width: 732px) 570px, (min-width: 640px) 732px, \" \/><div class=\"fusion-rollover\">\r\n\t<div class=\"fusion-rollover-content\">\r\n\r\n\t\t\t\t\r\n\t\t\r\n\t\t\t\t\t\t\t\t\t\t\t\t<h4 class=\"fusion-rollover-title\">\r\n\t\t\t\t\t<a class=\"fusion-rollover-title-link\" href=\"https:\/\/fe.up.pt\/degi\/5884-2\/\">\r\n\t\t\t\t\t\tDEGI has a new Full Professor!\t\t\t\t\t<\/a>\r\n\t\t\t\t<\/h4>\r\n\t\t\t\r\n\t\t\t\t\t\t\t\t\r\n\t\t\r\n\t\t\t\t\t\t<a class=\"fusion-link-wrapper\" href=\"https:\/\/fe.up.pt\/degi\/5884-2\/\" aria-label=\"DEGI has a new Full Professor!\"><\/a>\r\n\t<\/div>\r\n<\/div>\r\n<\/div>\r\n<\/li>\r\n\t\t\t\r\n\t\t\t\r\n\t\t\t\t\t\t\t\t\t\t\t\t\t\t\t\t\t\t\t\t\t\t\t\t\t\t\t\t\t\t\t\t\t\t\t\t\t\t\t\t\t\t\t\t\t\t\t\t\t\t\t\t\t\t\t\t\t\t\t\t\t\t\t\t\t\t\t\t<\/ul>\r\n\t<\/div>\r\n\t<div class=\"fusion-post-content-wrapper\" style=\"padding:30px 25px 20px 25px;\"><div class=\"fusion-post-content post-content\"><h2 class=\"blog-shortcode-post-title entry-title\"><a href=\"https:\/\/fe.up.pt\/degi\/5884-2\/\">DEGI has a new Full Professor!<\/a><\/h2><div class=\"fusion-post-content-container\"><p>DEGI has a new Full Professor! Professor Am\u00e9rico Azevedo took office on january 27, 2025.<\/p><\/div><\/div><\/div><div class=\"fusion-clearfix\"><\/div><\/div>\n<\/article>\n<article id=\"blog-1-post-5878\" class=\"fusion-post-grid post-5878 post type-post status-publish format-standard has-post-thumbnail hentry category-destaque category-news category-sem-categoria\">\n<div class=\"fusion-post-wrapper\" style=\"background-color:rgba(255,255,255,0);border:1px solid #dddddd;border-bottom-width:3px;\">\r\n\r\n\t\t\t<div class=\"fusion-flexslider flexslider fusion-flexslider-loading fusion-post-slideshow\" style=\"border-color:#dddddd;\">\r\n\t\t<ul class=\"slides\">\r\n\t\t\t\r\n\t\t\t\t\t\t\t\t\t\t\t\t\t\t<li><div  class=\"fusion-image-wrapper\" aria-haspopup=\"true\">\r\n\t\t\t\t<img decoding=\"async\" width=\"1951\" height=\"760\" src=\"https:\/\/fe.up.pt\/degi\/wp-content\/uploads\/2024\/11\/Tomada-de-posse-CAT.jpg\" class=\"attachment-full size-full wp-post-image\" alt=\"\" srcset=\"https:\/\/fe.up.pt\/degi\/wp-content\/uploads\/2024\/11\/Tomada-de-posse-CAT-200x78.jpg 200w, https:\/\/fe.up.pt\/degi\/wp-content\/uploads\/2024\/11\/Tomada-de-posse-CAT-400x156.jpg 400w, https:\/\/fe.up.pt\/degi\/wp-content\/uploads\/2024\/11\/Tomada-de-posse-CAT-600x234.jpg 600w, https:\/\/fe.up.pt\/degi\/wp-content\/uploads\/2024\/11\/Tomada-de-posse-CAT-800x312.jpg 800w, https:\/\/fe.up.pt\/degi\/wp-content\/uploads\/2024\/11\/Tomada-de-posse-CAT-1200x467.jpg 1200w, https:\/\/fe.up.pt\/degi\/wp-content\/uploads\/2024\/11\/Tomada-de-posse-CAT.jpg 1951w\" sizes=\"(min-width: 2200px) 100vw, (min-width: 824px) 380px, (min-width: 732px) 570px, (min-width: 640px) 732px, \" \/><div class=\"fusion-rollover\">\r\n\t<div class=\"fusion-rollover-content\">\r\n\r\n\t\t\t\t\r\n\t\t\r\n\t\t\t\t\t\t\t\t\t\t\t\t<h4 class=\"fusion-rollover-title\">\r\n\t\t\t\t\t<a class=\"fusion-rollover-title-link\" href=\"https:\/\/fe.up.pt\/degi\/3-new-full-professors\/\">\r\n\t\t\t\t\t\tDEGI has 3 new Full Professors\t\t\t\t\t<\/a>\r\n\t\t\t\t<\/h4>\r\n\t\t\t\r\n\t\t\t\t\t\t\t\t\r\n\t\t\r\n\t\t\t\t\t\t<a class=\"fusion-link-wrapper\" href=\"https:\/\/fe.up.pt\/degi\/3-new-full-professors\/\" aria-label=\"DEGI has 3 new Full Professors\"><\/a>\r\n\t<\/div>\r\n<\/div>\r\n<\/div>\r\n<\/li>\r\n\t\t\t\r\n\t\t\t\r\n\t\t\t\t\t\t\t\t\t\t\t\t\t\t\t\t\t\t\t\t\t\t\t\t\t\t\t\t\t\t\t\t\t\t\t\t\t\t\t\t\t\t\t\t\t\t\t\t\t\t\t\t\t\t\t\t\t\t\t\t\t\t\t\t\t\t\t\t<\/ul>\r\n\t<\/div>\r\n\t<div class=\"fusion-post-content-wrapper\" style=\"padding:30px 25px 20px 25px;\"><div class=\"fusion-post-content post-content\"><h2 class=\"blog-shortcode-post-title entry-title\"><a href=\"https:\/\/fe.up.pt\/degi\/3-new-full-professors\/\">DEGI has 3 new Full Professors<\/a><\/h2><div class=\"fusion-post-content-container\"><p>DEGI is pleased to announce that 3 professors took office as Full Professors! Ana Camanho took office on November 20, Maria Ant\u00f3nia Carravilla and Pedro Amorim took office on November 21. \u00a0<\/p><\/div><\/div><\/div><div class=\"fusion-clearfix\"><\/div><\/div>\n<\/article>\n<article id=\"blog-1-post-5874\" class=\"fusion-post-grid post-5874 post type-post status-publish format-standard has-post-thumbnail hentry category-destaque category-news\">\n<div class=\"fusion-post-wrapper\" style=\"background-color:rgba(255,255,255,0);border:1px solid #dddddd;border-bottom-width:3px;\">\r\n\r\n\t\t\t<div class=\"fusion-flexslider flexslider fusion-flexslider-loading fusion-post-slideshow\" style=\"border-color:#dddddd;\">\r\n\t\t<ul class=\"slides\">\r\n\t\t\t\r\n\t\t\t\t\t\t\t\t\t\t\t\t\t\t<li><div  class=\"fusion-image-wrapper\" aria-haspopup=\"true\">\r\n\t\t\t\t<img decoding=\"async\" width=\"1240\" height=\"600\" src=\"https:\/\/fe.up.pt\/degi\/wp-content\/uploads\/2020\/07\/default.jpg\" class=\"attachment-full size-full wp-post-image default-featured-img\" alt=\"\" srcset=\"https:\/\/fe.up.pt\/degi\/wp-content\/uploads\/2020\/07\/default-200x97.jpg 200w, https:\/\/fe.up.pt\/degi\/wp-content\/uploads\/2020\/07\/default-400x194.jpg 400w, https:\/\/fe.up.pt\/degi\/wp-content\/uploads\/2020\/07\/default-600x290.jpg 600w, https:\/\/fe.up.pt\/degi\/wp-content\/uploads\/2020\/07\/default-800x387.jpg 800w, https:\/\/fe.up.pt\/degi\/wp-content\/uploads\/2020\/07\/default-1200x581.jpg 1200w, https:\/\/fe.up.pt\/degi\/wp-content\/uploads\/2020\/07\/default.jpg 1240w\" sizes=\"(min-width: 2200px) 100vw, (min-width: 824px) 380px, (min-width: 732px) 570px, (min-width: 640px) 732px, \" \/><div class=\"fusion-rollover\">\r\n\t<div class=\"fusion-rollover-content\">\r\n\r\n\t\t\t\t\r\n\t\t\r\n\t\t\t\t\t\t\t\t\t\t\t\t<h4 class=\"fusion-rollover-title\">\r\n\t\t\t\t\t<a class=\"fusion-rollover-title-link\" href=\"https:\/\/fe.up.pt\/degi\/abertura-de-concursos-para-professor-auxiliar-no-degi\/\">\r\n\t\t\t\t\t\tAbertura de Concursos para Professor Auxiliar no DEGI\u00a0\t\t\t\t\t<\/a>\r\n\t\t\t\t<\/h4>\r\n\t\t\t\r\n\t\t\t\t\t\t\t\t\r\n\t\t\r\n\t\t\t\t\t\t<a class=\"fusion-link-wrapper\" href=\"https:\/\/fe.up.pt\/degi\/abertura-de-concursos-para-professor-auxiliar-no-degi\/\" aria-label=\"Abertura de Concursos para Professor Auxiliar no DEGI\u00a0\"><\/a>\r\n\t<\/div>\r\n<\/div>\r\n<\/div>\r\n<\/li>\r\n\t\t\t\r\n\t\t\t\r\n\t\t\t\t\t\t\t\t\t\t\t\t\t\t\t\t\t\t\t\t\t\t\t\t\t\t\t\t\t\t\t\t\t\t\t\t\t\t\t\t\t\t\t\t\t\t\t\t\t\t\t\t\t\t\t\t\t\t\t\t\t\t\t\t\t\t\t\t<\/ul>\r\n\t<\/div>\r\n\t<div class=\"fusion-post-content-wrapper\" style=\"padding:30px 25px 20px 25px;\"><div class=\"fusion-post-content post-content\"><h2 class=\"blog-shortcode-post-title entry-title\"><a href=\"https:\/\/fe.up.pt\/degi\/abertura-de-concursos-para-professor-auxiliar-no-degi\/\">Abertura de Concursos para Professor Auxiliar no DEGI\u00a0<\/a><\/h2><div class=\"fusion-post-content-container\"><p>Foi publicada no Di\u00e1rio da Rep\u00fablica a abertura de 4 concursos para Professor Auxiliar no DEGI, cada um numa sub-\u00e1rea espec\u00edfica da Engenharia e Gest\u00e3o Industrial. Esta \u00e9 uma oportunidade para integrar o nosso departamento e contribuir para o crescimento e inova\u00e7\u00e3o do DEGI. Os editais est\u00e3o dispon\u00edveis e podem<\/p><\/div><\/div><\/div><div class=\"fusion-clearfix\"><\/div><\/div>\n<\/article>\n<article id=\"blog-1-post-5845\" class=\"fusion-post-grid post-5845 post type-post status-publish format-standard has-post-thumbnail hentry category-destaque category-news category-sem-categoria\">\n<div class=\"fusion-post-wrapper\" style=\"background-color:rgba(255,255,255,0);border:1px solid #dddddd;border-bottom-width:3px;\">\r\n\r\n\t\t\t<div class=\"fusion-flexslider flexslider fusion-flexslider-loading fusion-post-slideshow\" style=\"border-color:#dddddd;\">\r\n\t\t<ul class=\"slides\">\r\n\t\t\t\r\n\t\t\t\t\t\t\t\t\t\t\t\t\t\t<li><div  class=\"fusion-image-wrapper\" aria-haspopup=\"true\">\r\n\t\t\t\t<img decoding=\"async\" width=\"2706\" height=\"2599\" src=\"https:\/\/fe.up.pt\/degi\/wp-content\/uploads\/2024\/02\/Picture1-1.png\" class=\"attachment-full size-full wp-post-image\" alt=\"\" srcset=\"https:\/\/fe.up.pt\/degi\/wp-content\/uploads\/2024\/02\/Picture1-1-200x192.png 200w, https:\/\/fe.up.pt\/degi\/wp-content\/uploads\/2024\/02\/Picture1-1-400x384.png 400w, https:\/\/fe.up.pt\/degi\/wp-content\/uploads\/2024\/02\/Picture1-1-600x576.png 600w, https:\/\/fe.up.pt\/degi\/wp-content\/uploads\/2024\/02\/Picture1-1-800x768.png 800w, https:\/\/fe.up.pt\/degi\/wp-content\/uploads\/2024\/02\/Picture1-1-1200x1153.png 1200w, https:\/\/fe.up.pt\/degi\/wp-content\/uploads\/2024\/02\/Picture1-1.png 2706w\" sizes=\"(min-width: 2200px) 100vw, (min-width: 824px) 380px, (min-width: 732px) 570px, (min-width: 640px) 732px, \" \/><div class=\"fusion-rollover\">\r\n\t<div class=\"fusion-rollover-content\">\r\n\r\n\t\t\t\t\r\n\t\t\r\n\t\t\t\t\t\t\t\t\t\t\t\t<h4 class=\"fusion-rollover-title\">\r\n\t\t\t\t\t<a class=\"fusion-rollover-title-link\" href=\"https:\/\/fe.up.pt\/degi\/jose-coelho-rodrigues-and-marta-campos-ferreira-new-assistant-professors-degi-feup\/\">\r\n\t\t\t\t\t\tJos\u00e9 Coelho Rodrigues and Marta Campos Ferreira : New assistant Professors DEGI-FEUP\t\t\t\t\t<\/a>\r\n\t\t\t\t<\/h4>\r\n\t\t\t\r\n\t\t\t\t\t\t\t\t\r\n\t\t\r\n\t\t\t\t\t\t<a class=\"fusion-link-wrapper\" href=\"https:\/\/fe.up.pt\/degi\/jose-coelho-rodrigues-and-marta-campos-ferreira-new-assistant-professors-degi-feup\/\" aria-label=\"Jos\u00e9 Coelho Rodrigues and Marta Campos Ferreira : New assistant Professors DEGI-FEUP\"><\/a>\r\n\t<\/div>\r\n<\/div>\r\n<\/div>\r\n<\/li>\r\n\t\t\t\r\n\t\t\t\r\n\t\t\t\t\t\t\t\t\t\t\t\t\t\t\t\t\t\t\t\t\t\t\t\t\t\t\t\t\t\t\t\t\t\t\t\t\t\t\t\t\t\t\t\t\t\t\t\t\t\t\t\t\t\t\t\t\t\t\t\t\t\t\t\t\t\t\t\t<\/ul>\r\n\t<\/div>\r\n\t<div class=\"fusion-post-content-wrapper\" style=\"padding:30px 25px 20px 25px;\"><div class=\"fusion-post-content post-content\"><h2 class=\"blog-shortcode-post-title entry-title\"><a href=\"https:\/\/fe.up.pt\/degi\/jose-coelho-rodrigues-and-marta-campos-ferreira-new-assistant-professors-degi-feup\/\">Jos\u00e9 Coelho Rodrigues and Marta Campos Ferreira : New assistant Professors DEGI-FEUP<\/a><\/h2><div class=\"fusion-post-content-container\"><p>DEGI has two new professors, Jos\u00e9 Coelho Rodrigues and Marta Campos Ferreira signed their contracts as Assistant Professors at Faculdade de Engenharia da Universidade do Porto and DEGI. Congratulations and a very warm welcome to Department of Industrial Engineering and Management of FEUP!<\/p><\/div><\/div><\/div><div class=\"fusion-clearfix\"><\/div><\/div>\n<\/article>\n<div class=\"fusion-clearfix\"><\/div><\/div><div class=\"fusion-infinite-scroll-trigger\"><\/div><div class=\"pagination infinite-scroll clearfix\" style=\"display:none;\"><span class=\"current\">1<\/span><a href=\"https:\/\/fe.up.pt\/degi\/wp-json\/wp\/v2\/pages\/4111\/page\/2\/\" class=\"inactive\">2<\/a><a class=\"pagination-next\" rel=\"next\" href=\"https:\/\/fe.up.pt\/degi\/wp-json\/wp\/v2\/pages\/4111\/page\/2\/\"><span class=\"page-text\">Seguinte<\/span><span class=\"page-next\"><\/span><\/a><\/div><div class=\"fusion-clearfix\"><\/div><button class=\"fusion-load-more-button fusion-blog-button fusion-clearfix\">Load More Posts<\/button><\/div><div class=\"fusion-clearfix\"><\/div><\/div><\/div><\/div><\/div>\n","protected":false},"excerpt":{"rendered":"","protected":false},"author":1,"featured_media":4201,"parent":0,"menu_order":0,"comment_status":"closed","ping_status":"closed","template":"","meta":{"footnotes":""},"class_list":["post-4111","page","type-page","status-publish","has-post-thumbnail","hentry"],"_links":{"self":[{"href":"https:\/\/fe.up.pt\/degi\/wp-json\/wp\/v2\/pages\/4111","targetHints":{"allow":["GET"]}}],"collection":[{"href":"https:\/\/fe.up.pt\/degi\/wp-json\/wp\/v2\/pages"}],"about":[{"href":"https:\/\/fe.up.pt\/degi\/wp-json\/wp\/v2\/types\/page"}],"author":[{"embeddable":true,"href":"https:\/\/fe.up.pt\/degi\/wp-json\/wp\/v2\/users\/1"}],"replies":[{"embeddable":true,"href":"https:\/\/fe.up.pt\/degi\/wp-json\/wp\/v2\/comments?post=4111"}],"version-history":[{"count":18,"href":"https:\/\/fe.up.pt\/degi\/wp-json\/wp\/v2\/pages\/4111\/revisions"}],"predecessor-version":[{"id":5877,"href":"https:\/\/fe.up.pt\/degi\/wp-json\/wp\/v2\/pages\/4111\/revisions\/5877"}],"wp:featuredmedia":[{"embeddable":true,"href":"https:\/\/fe.up.pt\/degi\/wp-json\/wp\/v2\/media\/4201"}],"wp:attachment":[{"href":"https:\/\/fe.up.pt\/degi\/wp-json\/wp\/v2\/media?parent=4111"}],"curies":[{"name":"wp","href":"https:\/\/api.w.org\/{rel}","templated":true}]}}