{"id":7009,"date":"2023-06-07T16:32:09","date_gmt":"2023-06-07T16:32:09","guid":{"rendered":"https:\/\/paginas.fe.up.pt\/~dce\/2023\/?page_id=7009"},"modified":"2023-06-07T18:14:55","modified_gmt":"2023-06-07T18:14:55","slug":"plenary-session","status":"publish","type":"page","link":"https:\/\/fe.up.pt\/dce\/2023\/programme\/plenary-session\/","title":{"rendered":"Plenary Session"},"content":{"rendered":"<p><strong>PLENARY SESSION \u2018<em>\u2019SUSTAINABLE ENGINEERING FOR AN INTELLIGENT WORLD\u2019\u2019<\/em><\/strong><\/p>\n<p>&nbsp;<\/p>\n<p><strong>Chair:<\/strong> Jo\u00e3o Pedro P\u00eago<\/p>\n<p><strong>Date<\/strong>: 15\/06\/2023 11h30 \u2013 12h30<\/p>\n<p><strong>Place:<\/strong> auditorium<\/p>\n<p>&nbsp;<\/p>\n<p>download the program <a href=\"https:\/\/drive.google.com\/file\/d\/17jkpH4H8KmVXAz2xOytUHMJ3aaCNXTS7\/view?usp=sharing\">here<\/a><\/p>\n<p>&nbsp;<\/p>\n<p><strong>NOTE: all presentations will have 10min + 5min for questions<\/strong><\/p>\n<p>&nbsp;<\/p>\n<p><em>\u201cGouv\u00e3es Project: A quarry &amp; aggregates plant designed to provide a green energy infrastructure: innovation &amp; environmental Initiatives\u201d<\/em><\/p>\n<p><span style=\"text-decoration: underline;\">Nuno Faria<\/span><\/p>\n<p>&nbsp;<\/p>\n<p><em>&#8220;Artificial intelligence and simulation-based techniques to predict pelvic floor stresses during childbirth&#8221;\u00a0\u00a0\u00a0\u00a0\u00a0\u00a0\u00a0\u00a0\u00a0\u00a0\u00a0\u00a0\u00a0\u00a0\u00a0\u00a0\u00a0\u00a0 <\/em><\/p>\n<p><u>Rita Moura<\/u><\/p>\n<p>&nbsp;<\/p>\n<p><em>\u2018\u2019Using supervised decision trees to improve physical fatigue management\u2019\u2019<\/em><\/p>\n<p><u>Denisse Bustos et al.<\/u><\/p>\n<p>&nbsp;<\/p>\n<p><em>\u2018\u2019The challenge of truly thinking an integrated urban planning in times of trend themes &#8211; in search of just and sustainable cities\u2018\u2019<\/em><\/p>\n<p><u>S\u00edlvia Sousa,\u00a0Lu\u00edsa Batista, and Alberto Rodr\u00edguez-Barc\u00f3n<\/u><\/p>\n","protected":false},"excerpt":{"rendered":"<p>PLENARY SESSION \u2018\u2019SUSTAINABLE ENGINEERING FOR AN INTELLIGENT WORLD\u2019\u2019 &nbsp; Chair: Jo\u00e3o Pedro P\u00eago Date: 15\/06\/2023 11h30 \u2013 12h30 Place: auditorium &nbsp; download the program here &nbsp; NOTE: all presentations will have 10min + 5min for questions &nbsp; \u201cGouv\u00e3es Project: A quarry &amp; aggregates plant designed to provide a green energy infrastructure: innovation &amp; environmental Initiatives\u201d [&hellip;]<\/p>\n","protected":false},"author":12,"featured_media":0,"parent":2788,"menu_order":0,"comment_status":"closed","ping_status":"closed","template":"","meta":{"footnotes":""},"class_list":["post-7009","page","type-page","status-publish","hentry"],"_links":{"self":[{"href":"https:\/\/fe.up.pt\/dce\/2023\/wp-json\/wp\/v2\/pages\/7009","targetHints":{"allow":["GET"]}}],"collection":[{"href":"https:\/\/fe.up.pt\/dce\/2023\/wp-json\/wp\/v2\/pages"}],"about":[{"href":"https:\/\/fe.up.pt\/dce\/2023\/wp-json\/wp\/v2\/types\/page"}],"author":[{"embeddable":true,"href":"https:\/\/fe.up.pt\/dce\/2023\/wp-json\/wp\/v2\/users\/12"}],"replies":[{"embeddable":true,"href":"https:\/\/fe.up.pt\/dce\/2023\/wp-json\/wp\/v2\/comments?post=7009"}],"version-history":[{"count":8,"href":"https:\/\/fe.up.pt\/dce\/2023\/wp-json\/wp\/v2\/pages\/7009\/revisions"}],"predecessor-version":[{"id":7019,"href":"https:\/\/fe.up.pt\/dce\/2023\/wp-json\/wp\/v2\/pages\/7009\/revisions\/7019"}],"up":[{"embeddable":true,"href":"https:\/\/fe.up.pt\/dce\/2023\/wp-json\/wp\/v2\/pages\/2788"}],"wp:attachment":[{"href":"https:\/\/fe.up.pt\/dce\/2023\/wp-json\/wp\/v2\/media?parent=7009"}],"curies":[{"name":"wp","href":"https:\/\/api.w.org\/{rel}","templated":true}]}}