{"id":2802,"date":"2016-12-23T23:02:13","date_gmt":"2016-12-23T23:02:13","guid":{"rendered":"https:\/\/paginas.fe.up.pt\/~dce\/2021\/?page_id=2802"},"modified":"2021-06-27T09:38:55","modified_gmt":"2021-06-27T09:38:55","slug":"welcome-session","status":"publish","type":"page","link":"https:\/\/fe.up.pt\/dce\/2021\/programme\/welcome-session\/","title":{"rendered":"Welcome session"},"content":{"rendered":"<p><strong>Date:<\/strong> Thursday, 28th.June 2021 | 9h-9h30<br \/>\n<strong>Link: <\/strong><a href=\"https:\/\/youtu.be\/YFmKvUz93HM\" target=\"_blank\" rel=\"noopener\"><em>Youtube streaming<\/em><\/a><\/p>\n<p>&nbsp;<\/p>\n<p><strong>|| DOWNLOAD THE PHOTOS HERE* ||<\/strong><\/p>\n<p>&nbsp;<\/p>\n<p>Opening by prof. Ant\u00f3nio Ferreira (President of FEUPs Scientific Council and of DCE21 Scientific Committee)<\/p>\n<p>Moderation by Prof. Jo\u00e3o Pedro P\u00eago (President of DCE21 Organizing Committee)<\/p>\n<table style=\"width: 539px;\">\n<tbody>\n<tr>\n<td style=\"width: 138px;\"><img decoding=\"async\" class=\"alignnone size-full wp-image-4417\" src=\"https:\/\/paginas.fe.up.pt\/~dce\/2021\/wp-content\/uploads\/2019\/03\/211573.jpg\" alt=\"\" width=\"160\" height=\"200\" \/><\/td>\n<td style=\"width: 6px;\"><\/td>\n<td style=\"width: 6px;\"><\/td>\n<td style=\"width: 214.8px;\"><\/td>\n<td style=\"width: 18px;\"><\/td>\n<td style=\"width: 123.6px;\"><img decoding=\"async\" class=\"alignnone wp-image-4491\" src=\"https:\/\/paginas.fe.up.pt\/~dce\/2021\/wp-content\/uploads\/2019\/03\/Pego_202190326_1400x2000.jpg\" alt=\"\" width=\"140\" height=\"200\" srcset=\"https:\/\/fe.up.pt\/dce\/2021\/wp-content\/uploads\/2019\/03\/Pego_202190326_1400x2000-200x286.jpg 200w, https:\/\/fe.up.pt\/dce\/2021\/wp-content\/uploads\/2019\/03\/Pego_202190326_1400x2000-400x571.jpg 400w, https:\/\/fe.up.pt\/dce\/2021\/wp-content\/uploads\/2019\/03\/Pego_202190326_1400x2000-600x857.jpg 600w, https:\/\/fe.up.pt\/dce\/2021\/wp-content\/uploads\/2019\/03\/Pego_202190326_1400x2000-800x1143.jpg 800w, https:\/\/fe.up.pt\/dce\/2021\/wp-content\/uploads\/2019\/03\/Pego_202190326_1400x2000-1200x1714.jpg 1200w, https:\/\/fe.up.pt\/dce\/2021\/wp-content\/uploads\/2019\/03\/Pego_202190326_1400x2000.jpg 1400w\" sizes=\"(max-width: 140px) 100vw, 140px\" \/><\/td>\n<td style=\"width: 22.8px;\"><\/td>\n<\/tr>\n<\/tbody>\n<\/table>\n<p>The Congress Booklet will be sent to all participants in this session.<\/p>\n<p>&nbsp;<\/p>\n<p><span style=\"font-size: 8pt;\">* available after the Congress<\/span><\/p>\n","protected":false},"excerpt":{"rendered":"<p>Date: Thursday, 28th.June 2021 | 9h-9h30 Link: Youtube streaming &nbsp; || DOWNLOAD THE PHOTOS HERE* || &nbsp; Opening by prof. Ant\u00f3nio Ferreira (President of FEUPs Scientific Council and of DCE21 Scientific Committee) Moderation by Prof. Jo\u00e3o Pedro P\u00eago (President of DCE21 Organizing Committee) The Congress Booklet will be sent to all participants in this session. [&hellip;]<\/p>\n","protected":false},"author":11,"featured_media":0,"parent":2788,"menu_order":0,"comment_status":"closed","ping_status":"closed","template":"","meta":{"footnotes":""},"class_list":["post-2802","page","type-page","status-publish","hentry"],"_links":{"self":[{"href":"https:\/\/fe.up.pt\/dce\/2021\/wp-json\/wp\/v2\/pages\/2802","targetHints":{"allow":["GET"]}}],"collection":[{"href":"https:\/\/fe.up.pt\/dce\/2021\/wp-json\/wp\/v2\/pages"}],"about":[{"href":"https:\/\/fe.up.pt\/dce\/2021\/wp-json\/wp\/v2\/types\/page"}],"author":[{"embeddable":true,"href":"https:\/\/fe.up.pt\/dce\/2021\/wp-json\/wp\/v2\/users\/11"}],"replies":[{"embeddable":true,"href":"https:\/\/fe.up.pt\/dce\/2021\/wp-json\/wp\/v2\/comments?post=2802"}],"version-history":[{"count":0,"href":"https:\/\/fe.up.pt\/dce\/2021\/wp-json\/wp\/v2\/pages\/2802\/revisions"}],"up":[{"embeddable":true,"href":"https:\/\/fe.up.pt\/dce\/2021\/wp-json\/wp\/v2\/pages\/2788"}],"wp:attachment":[{"href":"https:\/\/fe.up.pt\/dce\/2021\/wp-json\/wp\/v2\/media?parent=2802"}],"curies":[{"name":"wp","href":"https:\/\/api.w.org\/{rel}","templated":true}]}}