{"id":4321,"date":"2019-01-30T16:23:10","date_gmt":"2019-01-30T16:23:10","guid":{"rendered":"https:\/\/fe.up.pt\/dcc\/2026\/?page_id=4321"},"modified":"2026-03-03T16:10:42","modified_gmt":"2026-03-03T16:10:42","slug":"academic-procession","status":"publish","type":"page","link":"https:\/\/fe.up.pt\/dcc\/2026\/protocol-issues\/academic-procession\/","title":{"rendered":"Cortejo Acad\u00e9mico"},"content":{"rendered":"<div class=\"fusion-fullwidth fullwidth-box fusion-builder-row-1 fusion-flex-container has-pattern-background has-mask-background nonhundred-percent-fullwidth non-hundred-percent-height-scrolling\" style=\"background-color: rgba(255,255,255,0);background-position: center center;background-repeat: no-repeat;border-width: 0px 0px 0px 0px;border-color:#eae9e9;border-style:solid;\" ><div class=\"fusion-builder-row fusion-row fusion-flex-align-items-flex-start\" style=\"max-width:1206.4px;margin-left: calc(-4% \/ 2 );margin-right: calc(-4% \/ 2 );\"><div class=\"fusion-layout-column fusion_builder_column fusion-builder-column-0 fusion_builder_column_1_1 1_1 fusion-flex-column\"><div class=\"fusion-column-wrapper fusion-flex-justify-content-flex-start fusion-content-layout-column\" style=\"background-position:left top;background-repeat:no-repeat;-webkit-background-size:cover;-moz-background-size:cover;-o-background-size:cover;background-size:cover;padding: 0px 0px 0px 0px;\"><div class=\"fusion-text fusion-text-1\"><p>A ordena\u00e7\u00e3o do Cortejo Acad\u00e9mico segue as regras do Despacho n\u00ba. GR 02\/07\/2011 da Universidade do Porto, apresentado a 1 de julho.<\/p>\n<p>O Magnifico Reitor da UP, o Diretor da FEUP, os membros da Equipa Reitoral, os membros do Conselho Geral da UP, os Diretores de outras Unidades Org\u00e2nicas, os membros do Conselho Executivo e do Conselho de Representantes da FEUP, os Diretores de Departamento e de Curso, Professores e Doutores participam do cortejo.<\/p>\n<p>Entre as 16h45 e as 17h00 o cortejo acad\u00e9mico ser\u00e1 formado, no \u00c1trio de Exposi\u00e7\u00f5es da FEUP.<\/p>\n<p>No final da cerim\u00f3nia os Novos Doutorados podem integrar o cortejo acad\u00e9mico \u00e0 sa\u00edda, desde que trajados.<\/p>\n<\/div><\/div><style type=\"text\/css\">.fusion-body .fusion-builder-column-0{width:100% !important;margin-top : 0px;margin-bottom : 20px;}.fusion-builder-column-0 > .fusion-column-wrapper {padding-top : 0px !important;padding-right : 0px !important;margin-right : 1.92%;padding-bottom : 0px !important;padding-left : 0px !important;margin-left : 1.92%;}@media only screen and (max-width:1024px) {.fusion-body .fusion-builder-column-0{width:100% !important;order : 0;}.fusion-builder-column-0 > .fusion-column-wrapper {margin-right : 1.92%;margin-left : 1.92%;}}@media only screen and (max-width:640px) {.fusion-body .fusion-builder-column-0{width:100% !important;order : 0;}.fusion-builder-column-0 > .fusion-column-wrapper {margin-right : 1.92%;margin-left : 1.92%;}}<\/style><\/div><\/div><style type=\"text\/css\">.fusion-body .fusion-flex-container.fusion-builder-row-1{ padding-top : 0px;margin-top : 0px;padding-right : 0px;padding-bottom : 0px;margin-bottom : 0px;padding-left : 0px;}<\/style><\/div>\n","protected":false},"excerpt":{"rendered":"","protected":false},"author":1,"featured_media":0,"parent":4305,"menu_order":0,"comment_status":"closed","ping_status":"closed","template":"","meta":{"footnotes":""},"class_list":["post-4321","page","type-page","status-publish","hentry"],"_links":{"self":[{"href":"https:\/\/fe.up.pt\/dcc\/2026\/wp-json\/wp\/v2\/pages\/4321","targetHints":{"allow":["GET"]}}],"collection":[{"href":"https:\/\/fe.up.pt\/dcc\/2026\/wp-json\/wp\/v2\/pages"}],"about":[{"href":"https:\/\/fe.up.pt\/dcc\/2026\/wp-json\/wp\/v2\/types\/page"}],"author":[{"embeddable":true,"href":"https:\/\/fe.up.pt\/dcc\/2026\/wp-json\/wp\/v2\/users\/1"}],"replies":[{"embeddable":true,"href":"https:\/\/fe.up.pt\/dcc\/2026\/wp-json\/wp\/v2\/comments?post=4321"}],"version-history":[{"count":9,"href":"https:\/\/fe.up.pt\/dcc\/2026\/wp-json\/wp\/v2\/pages\/4321\/revisions"}],"predecessor-version":[{"id":5027,"href":"https:\/\/fe.up.pt\/dcc\/2026\/wp-json\/wp\/v2\/pages\/4321\/revisions\/5027"}],"up":[{"embeddable":true,"href":"https:\/\/fe.up.pt\/dcc\/2026\/wp-json\/wp\/v2\/pages\/4305"}],"wp:attachment":[{"href":"https:\/\/fe.up.pt\/dcc\/2026\/wp-json\/wp\/v2\/media?parent=4321"}],"curies":[{"name":"wp","href":"https:\/\/api.w.org\/{rel}","templated":true}]}}