{"id":4319,"date":"2019-01-30T16:22:47","date_gmt":"2019-01-30T16:22:47","guid":{"rendered":"https:\/\/fe.up.pt\/dcc\/2026\/?page_id=4319"},"modified":"2026-03-03T16:12:05","modified_gmt":"2026-03-03T16:12:05","slug":"insignias","status":"publish","type":"page","link":"https:\/\/fe.up.pt\/dcc\/2026\/protocol-issues\/dress-code\/insignias\/","title":{"rendered":"Insignias"},"content":{"rendered":"<div class=\"fusion-fullwidth fullwidth-box fusion-builder-row-1 fusion-flex-container has-pattern-background has-mask-background nonhundred-percent-fullwidth non-hundred-percent-height-scrolling\" style=\"background-color: rgba(255,255,255,0);background-position: center center;background-repeat: no-repeat;border-width: 0px 0px 0px 0px;border-color:#eae9e9;border-style:solid;\" ><div class=\"fusion-builder-row fusion-row fusion-flex-align-items-flex-start\" style=\"max-width:1206.4px;margin-left: calc(-4% \/ 2 );margin-right: calc(-4% \/ 2 );\"><div class=\"fusion-layout-column fusion_builder_column fusion-builder-column-0 fusion_builder_column_1_1 1_1 fusion-flex-column\"><div class=\"fusion-column-wrapper fusion-flex-justify-content-flex-start fusion-content-layout-column\" style=\"background-position:left top;background-repeat:no-repeat;-webkit-background-size:cover;-moz-background-size:cover;-o-background-size:cover;background-size:cover;padding: 0px 0px 0px 0px;\"><div class=\"fusion-text fusion-text-1\"><ul>\n<li><strong>Anel de Doutoramento<\/strong><br \/>\nAdquirir o anel de doutoramento \u00e9 opcional. Os novos doutores que pretendam um anel de doutoramento, podem adquiri-lo na Ourivesaria Neto \u2013 Pra\u00e7a da Rep\u00fablica, 27, Lousada |\u00a0 geral@ourivesarianeto.com\u00a0 |\u00a0 tel. 255 912 156\u00a0 | http:\/\/www.ourivesarianeto.com<\/li>\n<li><strong>Colar ou Escapul\u00e1rio<\/strong><br \/>\nO traje doutoral poder\u00e1 ser completado com um colar, tipo escapul\u00e1rio, com a medalha da Universidade (ins\u00edgnia n\u00e3o obrigat\u00f3rio para integrar o cortejo acad\u00e9mico).\u00a0O colar \u00e9 de cetim, com a cor da faculdade, pregueado, com 50 cent\u00edmetros de comprimento. O colar tem suspensa a medalha de prata dourada com o s\u00edmbolo da Universidade.<\/li>\n<li><strong>Certificado<\/strong><br \/>\nTodos os participantes da Conferment Ceremony recebem um certificado. O certificado n\u00e3o \u00e9 conferente de grau e n\u00e3o substitui a prova de conclus\u00e3o de um doutorado, a ser obtida nos Servi\u00e7os Acad\u00e9micos.<\/li>\n<\/ul>\n<\/div><\/div><style type=\"text\/css\">.fusion-body .fusion-builder-column-0{width:100% !important;margin-top : 0px;margin-bottom : 20px;}.fusion-builder-column-0 > .fusion-column-wrapper {padding-top : 0px !important;padding-right : 0px !important;margin-right : 1.92%;padding-bottom : 0px !important;padding-left : 0px !important;margin-left : 1.92%;}@media only screen and (max-width:1024px) {.fusion-body .fusion-builder-column-0{width:100% !important;order : 0;}.fusion-builder-column-0 > .fusion-column-wrapper {margin-right : 1.92%;margin-left : 1.92%;}}@media only screen and (max-width:640px) {.fusion-body .fusion-builder-column-0{width:100% !important;order : 0;}.fusion-builder-column-0 > .fusion-column-wrapper {margin-right : 1.92%;margin-left : 1.92%;}}<\/style><\/div><\/div><style type=\"text\/css\">.fusion-body .fusion-flex-container.fusion-builder-row-1{ padding-top : 0px;margin-top : 0px;padding-right : 0px;padding-bottom : 0px;margin-bottom : 0px;padding-left : 0px;}<\/style><\/div>\n","protected":false},"excerpt":{"rendered":"","protected":false},"author":1,"featured_media":0,"parent":4317,"menu_order":0,"comment_status":"closed","ping_status":"closed","template":"","meta":{"footnotes":""},"class_list":["post-4319","page","type-page","status-publish","hentry"],"_links":{"self":[{"href":"https:\/\/fe.up.pt\/dcc\/2026\/wp-json\/wp\/v2\/pages\/4319","targetHints":{"allow":["GET"]}}],"collection":[{"href":"https:\/\/fe.up.pt\/dcc\/2026\/wp-json\/wp\/v2\/pages"}],"about":[{"href":"https:\/\/fe.up.pt\/dcc\/2026\/wp-json\/wp\/v2\/types\/page"}],"author":[{"embeddable":true,"href":"https:\/\/fe.up.pt\/dcc\/2026\/wp-json\/wp\/v2\/users\/1"}],"replies":[{"embeddable":true,"href":"https:\/\/fe.up.pt\/dcc\/2026\/wp-json\/wp\/v2\/comments?post=4319"}],"version-history":[{"count":18,"href":"https:\/\/fe.up.pt\/dcc\/2026\/wp-json\/wp\/v2\/pages\/4319\/revisions"}],"predecessor-version":[{"id":5425,"href":"https:\/\/fe.up.pt\/dcc\/2026\/wp-json\/wp\/v2\/pages\/4319\/revisions\/5425"}],"up":[{"embeddable":true,"href":"https:\/\/fe.up.pt\/dcc\/2026\/wp-json\/wp\/v2\/pages\/4317"}],"wp:attachment":[{"href":"https:\/\/fe.up.pt\/dcc\/2026\/wp-json\/wp\/v2\/media?parent=4319"}],"curies":[{"name":"wp","href":"https:\/\/api.w.org\/{rel}","templated":true}]}}