{"id":7,"date":"2026-01-27T16:09:23","date_gmt":"2026-01-27T16:09:23","guid":{"rendered":"http:\/\/cs2026.wordpress.com\/?page_id=1"},"modified":"2026-03-05T18:26:32","modified_gmt":"2026-03-05T18:26:32","slug":"geral","status":"publish","type":"page","link":"https:\/\/fe.up.pt\/ces2026\/","title":{"rendered":"C&amp;S2026"},"content":{"rendered":"\n<div class=\"wp-block-group alignfull is-style-section-3 has-background has-global-padding is-content-justification-center is-layout-constrained wp-block-group-is-layout-constrained is-style-section-3--1\" style=\"border-style:none;border-width:0px;border-top-left-radius:0px;border-top-right-radius:0px;border-bottom-left-radius:0px;border-bottom-right-radius:0px;background-color:#052f3b;min-height:30.9vh;margin-top:0;margin-bottom:0;padding-top:var(--wp--preset--spacing--70);padding-bottom:var(--wp--preset--spacing--70);background-image:url(&apos;https:\/\/cs2026.wordpress.com\/wp-content\/uploads\/2026\/02\/close-up-car-in-with-wind-turbines-and-sunset-back.jpg&apos;);background-position:50% 68%;background-size:cover;background-attachment:fixed;\">\n<div class=\"wp-block-columns alignwide is-layout-flex wp-container-core-columns-is-layout-30cd009e wp-block-columns-is-layout-flex\">\n<div class=\"wp-block-column is-vertically-aligned-center is-layout-flow wp-block-column-is-layout-flow\">\n<div class=\"wp-block-group alignfull is-vertical is-content-justification-center is-layout-flex wp-container-core-group-is-layout-96d06cd3 wp-block-group-is-layout-flex\" style=\"min-height:100%;padding-top:var(--wp--preset--spacing--30);padding-right:0;padding-bottom:var(--wp--preset--spacing--30);padding-left:0\">\n<h2 class=\"wp-block-heading has-text-align-center has-base-color has-text-color has-link-color has-xx-large-font-size wp-elements-80dd1692355ec433b66521d10d8c8e89\"><strong>Confer\u00eancia e Semin\u00e1rios Sobre <strong>Mobilidade Sustent\u00e1vel de Pessoas e Bens (C&amp;S2026)<\/strong><\/strong><\/h2>\n<\/div>\n\n\n\n<div style=\"height:31px\" aria-hidden=\"true\" class=\"wp-block-spacer\"><\/div>\n\n\n\n<div class=\"wp-block-group alignfull is-vertical is-content-justification-center is-layout-flex wp-container-core-group-is-layout-96d06cd3 wp-block-group-is-layout-flex\" style=\"min-height:100%;padding-top:var(--wp--preset--spacing--30);padding-right:0;padding-bottom:var(--wp--preset--spacing--30);padding-left:0\">\n<h3 class=\"wp-block-heading has-base-color has-text-color has-link-color has-x-large-font-size wp-elements-6cd94ae2cbc6983ce7d5a887de59e2f9\"><strong>Maputo, 17 e 18 de mar\u00e7o de 2026<\/strong><\/h3>\n\n\n\n<div style=\"height:4px\" aria-hidden=\"true\" class=\"wp-block-spacer wp-container-content-7cd39ab2\"><\/div>\n<\/div>\n\n\n\n<div class=\"wp-block-group alignfull is-vertical is-content-justification-center is-layout-flex wp-container-core-group-is-layout-96d06cd3 wp-block-group-is-layout-flex\" style=\"min-height:100%;padding-top:var(--wp--preset--spacing--30);padding-right:0;padding-bottom:var(--wp--preset--spacing--30);padding-left:0\">\n<h3 class=\"wp-block-heading has-base-color has-text-color has-link-color has-x-large-font-size wp-elements-4dde1479b60e12f35459101645bd61e0\"><strong>Local: Sociedade de Desenvolvimento do Porto de Maputo (MPDC)<\/strong><\/h3>\n\n\n\n<div style=\"height:4px\" aria-hidden=\"true\" class=\"wp-block-spacer wp-container-content-7cd39ab2\"><\/div>\n<\/div>\n<\/div>\n<\/div>\n\n\n\n<div class=\"wp-block-group alignfull is-style-default has-global-padding is-content-justification-center is-layout-constrained wp-block-group-is-layout-constrained\" style=\"margin-top:0;margin-bottom:0;padding-top:var(--wp--preset--spacing--60);padding-bottom:var(--wp--preset--spacing--60)\">\n<div class=\"wp-block-columns alignwide is-layout-flex wp-container-core-columns-is-layout-47c06fe3 wp-block-columns-is-layout-flex\">\n<div class=\"wp-block-column is-vertically-aligned-center is-layout-flow wp-container-core-column-is-layout-8eebadab wp-block-column-is-layout-flow\" style=\"flex-basis:50%\">\n<h2 class=\"wp-block-heading has-base-color has-text-color has-link-color has-xx-large-font-size wp-elements-d8b4c8c3f2eda33c543fe95cb08bd1e3\"><strong>Boas Vindas!<\/strong><\/h2>\n<\/div>\n\n\n\n<div class=\"wp-block-column is-vertically-aligned-center is-layout-flow wp-block-column-is-layout-flow\" style=\"flex-basis:50%\">\n<p class=\"has-base-color has-text-color has-link-color has-large-font-size wp-elements-4f97ffe59691f7c28535f9c114f5fcec\">A primeira edi\u00e7\u00e3o da C&amp;S ocorrer\u00e1 nos dias 17 e 18 de mar\u00e7o de 2026 na Sociedade de Desenvolvimento do Porto de Maputo (MPDC), Maputo, Mo\u00e7ambique. Ser\u00e1 um evento dedicado \u00e0 reflex\u00e3o e ao debate sobre os transportes de pessoas e bens, reunindo investigadores, profissionais e decisores p\u00fablicos. A iniciativa contar\u00e1 com a realiza\u00e7\u00e3o de uma confer\u00eancia principal e de v\u00e1rios semin\u00e1rios tem\u00e1ticos, que abordar\u00e3o desafios atuais e futuros da mobilidade, da log\u00edstica e das infraestruturas de transporte. A C&amp;S 2026 pretende promover a partilha de conhecimento, o di\u00e1logo interdisciplinar e a apresenta\u00e7\u00e3o de solu\u00e7\u00f5es inovadoras, contribuindo para o desenvolvimento de sistemas de transporte mais eficientes, sustent\u00e1veis e integrados.<\/p>\n<\/div>\n<\/div>\n<\/div>\n<\/div>\n\n\n\n<div class=\"wp-block-columns is-layout-flex wp-container-core-columns-is-layout-28f84493 wp-block-columns-is-layout-flex\">\n<div class=\"wp-block-column is-layout-flow wp-block-column-is-layout-flow\" style=\"flex-basis:100%\"><\/div>\n<\/div>\n\n\n\n<h2 class=\"wp-block-heading has-text-align-center has-text-color has-link-color has-large-font-size wp-elements-2f87656bf8c9728d3bcf71002c0f4d6a\" style=\"color:#81c45e\"><strong>Apoio Institucional<\/strong><\/h2>\n\n\n\n<div class=\"wp-block-columns is-layout-flex wp-container-core-columns-is-layout-28f84493 wp-block-columns-is-layout-flex\">\n<div class=\"wp-block-column is-layout-flow wp-block-column-is-layout-flow\" style=\"flex-basis:100%\">\n<div class=\"wp-block-group has-global-padding is-layout-constrained wp-block-group-is-layout-constrained\">\n<figure class=\"wp-block-image aligncenter size-large\" style=\"margin-top:var(--wp--preset--spacing--30);margin-bottom:var(--wp--preset--spacing--30)\"><img decoding=\"async\" src=\"https:\/\/cs2026.wordpress.com\/wp-content\/uploads\/2026\/02\/asset-3.png?w=1024\" alt=\"\" class=\"wp-image-388\"\/><\/figure>\n<\/div>\n<\/div>\n<\/div>\n\n\n\n<div style=\"height:31px\" aria-hidden=\"true\" class=\"wp-block-spacer\"><\/div>\n\n\n\n<h2 class=\"wp-block-heading has-text-align-center has-text-color has-link-color has-large-font-size wp-elements-08a8355f08ea76c0b0612095861169be\" style=\"color:#81c45e\"><strong>Parceiros<\/strong><\/h2>\n\n\n\n<figure class=\"wp-block-image alignfull size-large\" style=\"margin-top:var(--wp--preset--spacing--40);margin-right:var(--wp--preset--spacing--60);margin-bottom:var(--wp--preset--spacing--40);margin-left:var(--wp--preset--spacing--60)\"><img decoding=\"async\" src=\"https:\/\/cs2026.wordpress.com\/wp-content\/uploads\/2026\/02\/parceiros.jpg?w=1024\" alt=\"\" class=\"wp-image-389\"\/><\/figure>\n","protected":false},"excerpt":{"rendered":"<p>Confer\u00eancia e Semin\u00e1rios Sobre Mobilidade Sustent\u00e1vel de Pessoas e Bens (C&amp;S2026) Maputo, 17 e 18 de mar\u00e7o de 2026 Local: Sociedade de Desenvolvimento do Porto de Maputo (MPDC) Boas Vindas! A primeira edi\u00e7\u00e3o da C&amp;S ocorrer\u00e1 nos dias 17 e 18 de mar\u00e7o de 2026 na Sociedade de Desenvolvimento do Porto de Maputo (MPDC), Maputo, [&hellip;]<\/p>\n","protected":false},"author":2055,"featured_media":0,"parent":0,"menu_order":1,"comment_status":"closed","ping_status":"closed","template":"","meta":{"footnotes":""},"class_list":["post-7","page","type-page","status-publish","hentry"],"_links":{"self":[{"href":"https:\/\/fe.up.pt\/ces2026\/wp-json\/wp\/v2\/pages\/7","targetHints":{"allow":["GET"]}}],"collection":[{"href":"https:\/\/fe.up.pt\/ces2026\/wp-json\/wp\/v2\/pages"}],"about":[{"href":"https:\/\/fe.up.pt\/ces2026\/wp-json\/wp\/v2\/types\/page"}],"author":[{"embeddable":true,"href":"https:\/\/fe.up.pt\/ces2026\/wp-json\/wp\/v2\/users\/2055"}],"replies":[{"embeddable":true,"href":"https:\/\/fe.up.pt\/ces2026\/wp-json\/wp\/v2\/comments?post=7"}],"version-history":[{"count":25,"href":"https:\/\/fe.up.pt\/ces2026\/wp-json\/wp\/v2\/pages\/7\/revisions"}],"predecessor-version":[{"id":636,"href":"https:\/\/fe.up.pt\/ces2026\/wp-json\/wp\/v2\/pages\/7\/revisions\/636"}],"wp:attachment":[{"href":"https:\/\/fe.up.pt\/ces2026\/wp-json\/wp\/v2\/media?parent=7"}],"curies":[{"name":"wp","href":"https:\/\/api.w.org\/{rel}","templated":true}]}}