{"id":610,"date":"2026-03-05T17:51:03","date_gmt":"2026-03-05T17:51:03","guid":{"rendered":"https:\/\/fe.up.pt\/ces2026\/?page_id=610"},"modified":"2026-05-07T21:17:16","modified_gmt":"2026-05-07T21:17:16","slug":"mobimzpt","status":"publish","type":"page","link":"https:\/\/fe.up.pt\/ces2026\/mobimzpt\/","title":{"rendered":"MobiMZPT"},"content":{"rendered":"\n<h2 class=\"wp-block-heading has-text-color has-link-color has-large-font-size wp-elements-8ad5d90131abc969942667d87e4bdf51\" style=\"color:#81c45e\"><strong>O que \u00e9 a MobiMZPT<\/strong>?<\/h2>\n\n\n\n<div style=\"height:30px\" aria-hidden=\"true\" class=\"wp-block-spacer\"><\/div>\n\n\n\n<figure class=\"wp-block-image size-large\"><img loading=\"lazy\" decoding=\"async\" width=\"1024\" height=\"442\" src=\"https:\/\/fe.up.pt\/ces2026\/wp-content\/uploads\/sites\/1093\/2026\/03\/Picturessss5-2-1024x442.png\" alt=\"\" class=\"wp-image-655\" srcset=\"https:\/\/fe.up.pt\/ces2026\/wp-content\/uploads\/sites\/1093\/2026\/03\/Picturessss5-2-1024x442.png 1024w, https:\/\/fe.up.pt\/ces2026\/wp-content\/uploads\/sites\/1093\/2026\/03\/Picturessss5-2-300x129.png 300w, https:\/\/fe.up.pt\/ces2026\/wp-content\/uploads\/sites\/1093\/2026\/03\/Picturessss5-2-768x331.png 768w, https:\/\/fe.up.pt\/ces2026\/wp-content\/uploads\/sites\/1093\/2026\/03\/Picturessss5-2.png 1368w\" sizes=\"auto, (max-width: 1024px) 100vw, 1024px\" \/><\/figure>\n\n\n\n<div style=\"height:28px\" aria-hidden=\"true\" class=\"wp-block-spacer\"><\/div>\n\n\n\n<p>A MobiMZPT &#8211; <em>&#8220;Iniciativa de Coopera\u00e7\u00e3o da FEUP com entidades de Mo\u00e7ambique e de Portugal em Mobilidade Sustent\u00e1vel de Pessoas e Bens at\u00e9 2033&#8221;<\/em>, consiste num conjunto articulado de a\u00e7\u00f5es de coopera\u00e7\u00e3o institucional entre Mo\u00e7ambique e Portugal, orientadas para a capacita\u00e7\u00e3o de recursos humanos, a produ\u00e7\u00e3o e a transfer\u00eancia de conhecimento e o refor\u00e7o da coopera\u00e7\u00e3o cient\u00edfica e t\u00e9cnica nos dom\u00ednios do transporte de pessoas e de mercadorias. As a\u00e7\u00f5es envolver\u00e3o universidades, empresas e institui\u00e7\u00f5es p\u00fablicas de ambos os pa\u00edses e incluir\u00e3o a organiza\u00e7\u00e3o de confer\u00eancias e eventos t\u00e9cnico-cient\u00edficos, a cria\u00e7\u00e3o e implementa\u00e7\u00e3o de uma p\u00f3s-gradua\u00e7\u00e3o dirigida a profissionais e acad\u00e9micos, bem como a promo\u00e7\u00e3o da mobilidade e do interc\u00e2mbio de docentes, investigadores, estudantes e profissionais do setor. A iniciativa contempla ainda o desenvolvimento de projetos conjuntos de investiga\u00e7\u00e3o e desenvolvimento, ajustados aos desafios espec\u00edficos dos sistemas de transporte.<\/p>\n\n\n\n<div style=\"height:47px\" aria-hidden=\"true\" class=\"wp-block-spacer\"><\/div>\n\n\n\n<h2 class=\"wp-block-heading has-text-color has-link-color has-large-font-size wp-elements-cf4a1fb2012ecdfb5625a653a1bec3ba\" style=\"color:#81c45e\"><strong>Principais A\u00e7\u00f5es da MobiMZPT<\/strong> <\/h2>\n\n\n\n<hr class=\"wp-block-separator has-alpha-channel-opacity\"\/>\n\n\n\n<h3 class=\"wp-block-heading\"><strong>PFFT<\/strong> &#8211; Programa de Forma\u00e7\u00e3o de Formadores em Transportes para Operadores de Transporte na \u00e1rea Metropolitana de Maputo<\/h3>\n\n\n\n<div style=\"height:10px\" aria-hidden=\"true\" class=\"wp-block-spacer\"><\/div>\n\n\n\n<hr class=\"wp-block-separator has-alpha-channel-opacity\"\/>\n\n\n\n<h3 class=\"wp-block-heading\"><strong>MdE<\/strong> &#8211; Memorando de Entendimento. <\/h3>\n\n\n\n<details class=\"wp-block-details is-layout-flow wp-block-details-is-layout-flow\"><summary>Cobertura<\/summary>\n<ul class=\"wp-block-list\">\n<li>Not\u00edcias da MPDC (<a href=\"https:\/\/www.portmaputo.com\/pt\/mpdc-e-feup-assinam-memorando-de-cooperacao-na-area-de-mobilidade-e-transportes\/\">portmaputo.com<\/a> e <a href=\"https:\/\/www.linkedin.com\/posts\/portodemaputompdc_development-capacitybuilding-mpdc-activity-7404199143734370304-dW4X?utm_source=share&amp;utm_medium=member_desktop&amp;rcm=ACoAAFN7RV8B5-0XnYWdACCTIL3J-Oh6stfLrr8\" target=\"_blank\" rel=\"noreferrer noopener\">LinkedIn<\/a>)<\/li>\n\n\n\n<li><a href=\"https:\/\/noticias.up.pt\/feup\/feup-e-maputo-em-memorando-de-entendimento-na-area-de-mobilidade-e-transportes\/\" target=\"_blank\" rel=\"noreferrer noopener\">Not\u00edcias da UP<\/a>.<\/li>\n\n\n\n<li><a href=\"https:\/\/www.diarioeconomico.co.mz\/2025\/12\/10\/desenvolvimento-2\/mpdc-e-universidade-do-porto-lancam-programa-conjunto-para-mobilidade-sustentavel\/\">Di\u00e1rio Econ\u00f3mico (diarioeconomico.co.mz)<\/a><\/li>\n\n\n\n<li><a href=\"https:\/\/clubofmozambique.com\/news\/maputo-port-development-company-signs-mou-with-the-faculty-of-engineering-of-the-university-of-porto\/\">Club of Mozambique<\/a><\/li>\n<\/ul>\n<\/details>\n\n\n\n<div style=\"height:11px\" aria-hidden=\"true\" class=\"wp-block-spacer\"><\/div>\n\n\n\n<hr class=\"wp-block-separator has-alpha-channel-opacity\"\/>\n\n\n\n<h3 class=\"wp-block-heading\"><strong>C&amp;S2026<\/strong> &#8211; Confer\u00eancia e Semin\u00e1rios sobre Mobilidade Sustent\u00e1vel de Pessoas e Bens 2026. <\/h3>\n\n\n\n<details class=\"wp-block-details is-layout-flow wp-block-details-is-layout-flow\"><summary>Cobertura<\/summary>\n<ul class=\"wp-block-list\">\n<li>Embaixada de Portugal em Mo\u00e7ambique (<a href=\"https:\/\/www.facebook.com\/watch\/?v=861189783646093\">Facebook<\/a>, <a href=\"https:\/\/www.instagram.com\/p\/DWBfJ6UDMzV\/\">Instagram<\/a>)<\/li>\n\n\n\n<li>Di\u00e1rio Econ\u00f3mico (diarioeconomico.co.mz)\n<ul class=\"wp-block-list\">\n<li><a href=\"https:\/\/www.diarioeconomico.co.mz\/2026\/03\/18\/negocios\/infra-estruturas\/especialista-defende-dados-abertos-e-cooperacao-para-melhorar-transporte-publico\/\">C&amp;S 2026: Especialista Defende \u201cDados Abertos e Coopera\u00e7\u00e3o\u201d Para Melhorar Transporte P\u00fablico<\/a><\/li>\n\n\n\n<li><a href=\"https:\/\/www.diarioeconomico.co.mz\/2026\/03\/18\/negocios\/infra-estruturas\/cs-2026-sistemas-ferroviarios-exigem-conhecimento-avancado-e-inovacao-continua-feup\/\">C&amp;S 2026: \u201cSistemas Ferrovi\u00e1rios Exigem Conhecimento Avan\u00e7ado e Inova\u00e7\u00e3o Cont\u00ednua \u201c- FEUP<\/a><\/li>\n\n\n\n<li><a href=\"https:\/\/www.diarioeconomico.co.mz\/2026\/03\/17\/negocios\/infra-estruturas\/mpdc-destaca-porto-de-maputo-como-laboratorio-vivo-de-logistica-e-mobilidade\/\">MPDC Destaca Porto de Maputo Como \u201cLaborat\u00f3rio Vivo\u201d de Log\u00edstica e Mobilidade<\/a><\/li>\n\n\n\n<li><a href=\"https:\/\/www.diarioeconomico.co.mz\/2026\/03\/17\/negocios\/infra-estruturas\/embaixador-de-portugal-defende-abordagem-academica-para-resolver-mobilidade-em-maputo\/\">\u201cSolu\u00e7\u00f5es Para Mobilidade Passam Pela Academia\u201d \u2014 Embaixador de Portugal<\/a><\/li>\n\n\n\n<li><a href=\"https:\/\/www.diarioeconomico.co.mz\/2026\/03\/17\/negocios\/infra-estruturas\/especialistas-defendem-infra-estruturas-inovacao-e-formacao-para-resolver-mobilidade-em-maputo\/\">Especialistas Apontam Tr\u00eas Pilares Para Resolver Mobilidade em Maputo<\/a><\/li>\n\n\n\n<li><a href=\"https:\/\/www.diarioeconomico.co.mz\/2026\/03\/17\/negocios\/infra-estruturas\/governo-aposta-em-transporte-colectivo-e-planeamento-urbano-para-melhorar-mobilidade\/\">Governo \u201cAposta em Transporte Colectivo e Planeamento Urbano\u201d Para Melhorar Mobilidade<\/a><\/li>\n<\/ul>\n<\/li>\n\n\n\n<li><a href=\"https:\/\/ngani.co.mz\/sociedade\/18\/03\/2026\/maputo-acolhe-conferencia-para-repensar-mobilidade-ate-2033\/\">Jornal Ngani<\/a><\/li>\n\n\n\n<li><a href=\"https:\/\/integritymagazine.co.mz\/arquivos\/59426\">Integrity<\/a><\/li>\n\n\n\n<li><a href=\"https:\/\/www.lusa.pt\/article\/2026-03-17\/46773353\/mo%C3%A7ambique-prev%C3%AA-implementar-transporte-escolar-para-reduzir-press%C3%A3o-na-%C3%A1rea-urbana\">Ag\u00eancia Lusa<\/a><\/li>\n\n\n\n<li><a href=\"https:\/\/afroline.co.mz\/2026\/03\/matlombe-promete-transporte-publico-escolar-ainda-este-ano-em-maputo\/\">Afroline<\/a><\/li>\n\n\n\n<li><a href=\"https:\/\/mznews.co.mz\/matlombe-promete-transporte-publico-escolar-ainda-este-ano-em-maputo\/\">MZNews<\/a><\/li>\n\n\n\n<li><a href=\"https:\/\/www.rm.co.mz\/governo-vai-introduzir-transporte-publico-escolar-no-grande-maputo\/\">R\u00e1dio Mo\u00e7ambique<\/a><\/li>\n<\/ul>\n<\/details>\n\n\n\n<div style=\"height:11px\" aria-hidden=\"true\" class=\"wp-block-spacer\"><\/div>\n\n\n\n<hr class=\"wp-block-separator has-alpha-channel-opacity\"\/>\n\n\n\n<h3 class=\"wp-block-heading\"><strong>PEGT2026<\/strong> &#8211; P\u00f3s-Gradua\u00e7\u00e3o em Engenharia e Gest\u00e3o de Transportes. Resumo da PEGT: <\/h3>\n\n\n\n<details class=\"wp-block-details is-layout-flow wp-block-details-is-layout-flow\"><summary>Informa\u00e7\u00e3o<\/summary>\n<div id=\"ResumoPEGT\" class=\"wp-block-file\"><a id=\"wp-block-file--media-9f02ad64-b20b-4fad-b782-e86c4d196342\" href=\"https:\/\/fe.up.pt\/ces2026\/wp-content\/uploads\/sites\/1093\/2026\/05\/PDF_ResumoPEGT2026.pdf\">PDF_ResumoPEGT2026<\/a><\/div>\n<\/details>\n\n\n\n<hr class=\"wp-block-separator has-alpha-channel-opacity\"\/>\n\n\n\n<div style=\"height:12px\" aria-hidden=\"true\" class=\"wp-block-spacer\"><\/div>\n\n\n\n<div style=\"height:35px\" aria-hidden=\"true\" class=\"wp-block-spacer\"><\/div>\n\n\n\n<h2 class=\"wp-block-heading has-text-color has-link-color has-large-font-size wp-elements-c0b3fd1905876d98b907bc7be34e3175\" style=\"color:#81c45e\"><strong>Contacto <\/strong><\/h2>\n\n\n\n<p>Entre em contacto com a MobiMZPT atrav\u00e9s do e-mail: mobimzpt@gmail.com<\/p>\n\n\n\n<p><\/p>\n\n\n\n<p><\/p>\n","protected":false},"excerpt":{"rendered":"<p>O que \u00e9 a MobiMZPT? A MobiMZPT &#8211; &#8220;Iniciativa de Coopera\u00e7\u00e3o da FEUP com entidades de Mo\u00e7ambique e de Portugal em Mobilidade Sustent\u00e1vel de Pessoas e Bens at\u00e9 2033&#8221;, consiste num conjunto articulado de a\u00e7\u00f5es de coopera\u00e7\u00e3o institucional entre Mo\u00e7ambique e Portugal, orientadas para a capacita\u00e7\u00e3o de recursos humanos, a produ\u00e7\u00e3o e a transfer\u00eancia de [&hellip;]<\/p>\n","protected":false},"author":2055,"featured_media":0,"parent":0,"menu_order":0,"comment_status":"closed","ping_status":"closed","template":"","meta":{"footnotes":""},"class_list":["post-610","page","type-page","status-publish","hentry"],"_links":{"self":[{"href":"https:\/\/fe.up.pt\/ces2026\/wp-json\/wp\/v2\/pages\/610","targetHints":{"allow":["GET"]}}],"collection":[{"href":"https:\/\/fe.up.pt\/ces2026\/wp-json\/wp\/v2\/pages"}],"about":[{"href":"https:\/\/fe.up.pt\/ces2026\/wp-json\/wp\/v2\/types\/page"}],"author":[{"embeddable":true,"href":"https:\/\/fe.up.pt\/ces2026\/wp-json\/wp\/v2\/users\/2055"}],"replies":[{"embeddable":true,"href":"https:\/\/fe.up.pt\/ces2026\/wp-json\/wp\/v2\/comments?post=610"}],"version-history":[{"count":5,"href":"https:\/\/fe.up.pt\/ces2026\/wp-json\/wp\/v2\/pages\/610\/revisions"}],"predecessor-version":[{"id":763,"href":"https:\/\/fe.up.pt\/ces2026\/wp-json\/wp\/v2\/pages\/610\/revisions\/763"}],"wp:attachment":[{"href":"https:\/\/fe.up.pt\/ces2026\/wp-json\/wp\/v2\/media?parent=610"}],"curies":[{"name":"wp","href":"https:\/\/api.w.org\/{rel}","templated":true}]}}