{"id":417,"date":"2026-02-09T18:34:33","date_gmt":"2026-02-09T16:34:33","guid":{"rendered":"https:\/\/cs2026.wordpress.com\/?page_id=417"},"modified":"2026-02-27T15:44:02","modified_gmt":"2026-02-27T15:44:02","slug":"maputo","status":"publish","type":"page","link":"https:\/\/fe.up.pt\/ces2026\/maputo\/","title":{"rendered":"Maputo"},"content":{"rendered":"\n<h2 class=\"wp-block-heading has-text-color has-link-color has-large-font-size wp-elements-0f5f38044aa52172347e7f8bb2a52bd4\" style=\"color:#81c45e\"><strong>Maputo<\/strong><\/h2>\n\n\n\n<p>Mo\u00e7ambique ocupa uma posi\u00e7\u00e3o geoestrat\u00e9gica no sudeste de \u00c1frica, com acesso directo ao Oceano \u00cdndico e uma rede de corredores de transporte que servem v\u00e1rios pa\u00edses do interior da \u00c1frica Austral. Esta localiza\u00e7\u00e3o confere ao pa\u00eds um papel central na facilita\u00e7\u00e3o do com\u00e9rcio regional, na integra\u00e7\u00e3o dos sistemas de transporte e no desenvolvimento de cadeias log\u00edsticas eficientes e sustent\u00e1veis.<\/p>\n\n\n\n<p>Maputo, capital e cidade anfitri\u00e3, alberga o Porto de Maputo, um dos principais portos de \u00e1guas profundas da regi\u00e3o e um n\u00f3 cr\u00edtico na rede de transportes da \u00c1frica Austral. A realiza\u00e7\u00e3o desta confer\u00eancia no Porto de Maputo reveste-se de particular relev\u00e2ncia, por permitir um di\u00e1logo t\u00e9cnico e estrat\u00e9gico num ambiente directamente ligado \u00e0s opera\u00e7\u00f5es portu\u00e1rias, \u00e0 intermodalidade e \u00e0 conectividade regional, refor\u00e7ando o compromisso com o desenvolvimento integrado dos transportes e da log\u00edstica.<\/p>\n","protected":false},"excerpt":{"rendered":"<p>Maputo Mo\u00e7ambique ocupa uma posi\u00e7\u00e3o geoestrat\u00e9gica no sudeste de \u00c1frica, com acesso directo ao Oceano \u00cdndico e uma rede de corredores de transporte que servem v\u00e1rios pa\u00edses do interior da \u00c1frica Austral. Esta localiza\u00e7\u00e3o confere ao pa\u00eds um papel central na facilita\u00e7\u00e3o do com\u00e9rcio regional, na integra\u00e7\u00e3o dos sistemas de transporte e no desenvolvimento de [&hellip;]<\/p>\n","protected":false},"author":2055,"featured_media":0,"parent":0,"menu_order":0,"comment_status":"closed","ping_status":"closed","template":"","meta":{"footnotes":""},"class_list":["post-417","page","type-page","status-publish","hentry"],"_links":{"self":[{"href":"https:\/\/fe.up.pt\/ces2026\/wp-json\/wp\/v2\/pages\/417","targetHints":{"allow":["GET"]}}],"collection":[{"href":"https:\/\/fe.up.pt\/ces2026\/wp-json\/wp\/v2\/pages"}],"about":[{"href":"https:\/\/fe.up.pt\/ces2026\/wp-json\/wp\/v2\/types\/page"}],"author":[{"embeddable":true,"href":"https:\/\/fe.up.pt\/ces2026\/wp-json\/wp\/v2\/users\/2055"}],"replies":[{"embeddable":true,"href":"https:\/\/fe.up.pt\/ces2026\/wp-json\/wp\/v2\/comments?post=417"}],"version-history":[{"count":3,"href":"https:\/\/fe.up.pt\/ces2026\/wp-json\/wp\/v2\/pages\/417\/revisions"}],"predecessor-version":[{"id":518,"href":"https:\/\/fe.up.pt\/ces2026\/wp-json\/wp\/v2\/pages\/417\/revisions\/518"}],"wp:attachment":[{"href":"https:\/\/fe.up.pt\/ces2026\/wp-json\/wp\/v2\/media?parent=417"}],"curies":[{"name":"wp","href":"https:\/\/api.w.org\/{rel}","templated":true}]}}