{"id":38,"date":"2026-01-27T16:58:50","date_gmt":"2026-01-27T16:58:50","guid":{"rendered":"https:\/\/cs2026.wordpress.com\/?page_id=38"},"modified":"2026-03-23T17:50:57","modified_gmt":"2026-03-23T17:50:57","slug":"comites","status":"publish","type":"page","link":"https:\/\/fe.up.pt\/ces2026\/comites\/","title":{"rendered":"Comit\u00e9s"},"content":{"rendered":"\n<h2 class=\"wp-block-heading has-text-color has-link-color has-large-font-size wp-elements-f33fb4191596d48c565db65e42f68064\" style=\"color:#81c45e\"><strong>Comiss\u00e3o Organizadora<\/strong><\/h2>\n\n\n\n<ul class=\"wp-block-list\">\n<li>Os\u00f3rio Sales Lucas | CEO da MPDC<\/li>\n\n\n\n<li>Jo\u00e3o Cuna | Diretor de Recursos Humanos e Membro do Comit\u00e9 Executivo da MPDC<\/li>\n\n\n\n<li>Kristina Abudo | Diretora da Autoridade Portu\u00e1ria da MPDC<\/li>\n\n\n\n<li>Soraia Abdula | Diretora de Marketing e Comunica\u00e7\u00e3o da MPDC<\/li>\n\n\n\n<li>Silvia Milice | Gestora de Desenvolvimento de Talentos da MPDC<\/li>\n\n\n\n<li>Jo\u00e3o Falc\u00e3o e Cunha | Professor da FEUP e Coordenador MobiMZPT<\/li>\n\n\n\n<li>Teresa Galv\u00e3o Dias | Professora da FEUP, Diretora do PDST &#8211; FEUP<\/li>\n\n\n\n<li>Joana Hora | Professora Convidada e Investigadora da FEUP<\/li>\n<\/ul>\n\n\n\n<div style=\"height:59px\" aria-hidden=\"true\" class=\"wp-block-spacer\"><\/div>\n\n\n\n<h2 class=\"wp-block-heading has-text-color has-link-color has-large-font-size wp-elements-6a72f1e5c78d9b9afb45a0aa37f5abc4\" style=\"color:#81c45e\"><strong>Comiss\u00e3o de Honra<\/strong><\/h2>\n\n\n\n<h3 class=\"wp-block-heading has-contrast-color has-text-color has-link-color has-large-font-size wp-elements-518da8d226424d3e151af09f1d92ba46\"><strong>Ministros<\/strong><\/h3>\n\n\n\n<ul class=\"wp-block-list\">\n<li>Jo\u00e3o Jorge Matlombe | Ministro dos Transportes e Log\u00edstica, Mo\u00e7ambique<\/li>\n\n\n\n<li>Miguel Pinto Luz | Ministro das Infraestruturas e Habita\u00e7\u00e3o de Portugal<\/li>\n<\/ul>\n\n\n\n<h3 class=\"wp-block-heading has-large-font-size\"><strong>Embaixador<\/strong><\/h3>\n\n\n\n<ul class=\"wp-block-list\">\n<li>Jorge Monteiro | Embaixador de Portugal em Mo\u00e7ambique<\/li>\n<\/ul>\n\n\n\n<h3 class=\"wp-block-heading\"><strong>Secret\u00e1ria de Estado<\/strong><\/h3>\n\n\n\n<ul class=\"wp-block-list\">\n<li>Cristina Pinto Dias | Secret\u00e1ria de Estado da Mobilidade em Portugal<\/li>\n<\/ul>\n\n\n\n<h3 class=\"wp-block-heading has-large-font-size\"><strong>Membros<\/strong><\/h3>\n\n\n\n<ul class=\"wp-block-list\">\n<li>Agostinho Langa J\u00fanior | PCA da CFM <\/li>\n\n\n\n<li>An\u00edbal Leite | Presidente da Mota-Engil \u00c1frica <\/li>\n\n\n\n<li>Carlos Mota Santos | Presidente Mota Engil Global <\/li>\n\n\n\n<li>Estev\u00e3o Pondja | Diretor da FEUEM <\/li>\n\n\n\n<li>Fernando Andela | PCA da AMT <\/li>\n\n\n\n<li>Fernando Leite | Reitor do ISUTC <\/li>\n\n\n\n<li>Fernando Uache | Vereador de Mobilidade e Transporte do Conselho Municipal da Cidade de Maputo <\/li>\n\n\n\n<li>Francisco Costa | PCE do BCI <\/li>\n\n\n\n<li>Ivandra Udoyen | Consultora Kuleko <\/li>\n\n\n\n<li>Joaquim Tejadas | Especialista de Mobilidade na Ag\u00eancia Francesa de Desenvolvimento (AFD)&nbsp;<\/li>\n\n\n\n<li>Jos\u00e9 Artur Caetano | Administrador Executivo no Millennium BIM <\/li>\n\n\n\n<li>Leticia Guerra | Especialista em Transportes na Ag\u00eancia Metropolitana de Transportes de Maputo (AMT)&nbsp;&nbsp;&nbsp;&nbsp; <\/li>\n\n\n\n<li>Lu\u00eds Almeida | CEO da Transcom, SA (ISUTC) <\/li>\n\n\n\n<li>Os\u00f3rio Sales Lucas | CEO da MPDC <\/li>\n\n\n\n<li>Rui Oliveira | Fidelidade \u00cdmpar <\/li>\n\n\n\n<li>Selma Dixon | Administradora Executiva na CFM <\/li>\n\n\n\n<li>Alcib\u00edades Guedes | Professor da FEUP e Presidente do INEGI <\/li>\n\n\n\n<li>Ana Paula Mesquita | Consultora em Transportes e Mobilidade <\/li>\n\n\n\n<li>Dulce Pedrosa | Respons\u00e1vel da \u00c1rea de Opera\u00e7\u00f5es na OPT<\/li>\n\n\n\n<li>Em\u00eddio Gomes | Presidente da Metro do Porto <\/li>\n\n\n\n<li>Jo\u00e3o Claro | Presidente do INESC TEC <\/li>\n\n\n\n<li>Jo\u00e3o Neves | Presidente Executivo da APDL <\/li>\n\n\n\n<li>Lu\u00eds Os\u00f3rio | Presidente da STCP <\/li>\n\n\n\n<li>Manuela Soares | Consultora S\u00e9nior em Mobilidade e Transportes na Magellan Circle <\/li>\n\n\n\n<li>Maria Albuquerque | Ex-Vice-Presidente da CARRIS <\/li>\n\n\n\n<li>Miguel Cruz | Presidente da IP <\/li>\n\n\n\n<li>Pedro Miguel Moreira | Presidente da CP <\/li>\n\n\n\n<li>Rui Cal\u00e7ada | Diretor da FEUP <\/li>\n\n\n\n<li>Rui Lopo | Presidente da CARRIS <\/li>\n\n\n\n<li>Sandra Vasconcelos Lameiras | Administradora na OPT<\/li>\n<\/ul>\n\n\n\n<div style=\"height:56px\" aria-hidden=\"true\" class=\"wp-block-spacer\"><\/div>\n\n\n\n<h2 class=\"wp-block-heading has-text-color has-link-color has-large-font-size wp-elements-a0bf40ce692f0c255797a3aa83359f25\" style=\"color:#81c45e\"><strong>Comiss\u00e3o Cient\u00edfica<\/strong><\/h2>\n\n\n\n<ul class=\"wp-block-list\">\n<li>Alcib\u00edades Guedes | Professor da FEUP e Presidente do INEGI<\/li>\n\n\n\n<li>Joana Hora | Professora Convidada e Investigadora da FEUP<\/li>\n\n\n\n<li>Jo\u00e3o Falc\u00e3o e Cunha | Professor da FEUP e Coordenador MobiMZPT<\/li>\n\n\n\n<li>Jorge Pinho de Sousa | Presidente da Associa\u00e7\u00e3o ITS Portugal, Professor da FEUP e Investigador do INESC TEC<\/li>\n\n\n\n<li>Jos\u00e9 Fernando Oliveira | Professor da FEUP e Diretor do DEGI-FEUP<\/li>\n\n\n\n<li>Jos\u00e9 Manuel Mendon\u00e7a | Professor da FEUP e Ex-Presidente do INESC TEC<\/li>\n\n\n\n<li>Maria Ant\u00f3nia Carravilla | Professora da FEUP e Diretora do PRODEGI &#8211; FEUP<\/li>\n\n\n\n<li>Marta Campos Ferreira | Professora da FEUP<\/li>\n\n\n\n<li>Nuno Gon\u00e7alves | Professor Convidado na FEUP<\/li>\n\n\n\n<li>Rui Cal\u00e7ada | Professor e Diretor da FEUP<\/li>\n\n\n\n<li>Sara Ferreira | Professora da FEUP<\/li>\n\n\n\n<li>Teresa Galv\u00e3o Dias | Professora da FEUP, Diretora do PDST &#8211; FEUP<\/li>\n\n\n\n<li>Thiago Sobral | Professor Convidado na FEUP<\/li>\n<\/ul>\n\n\n\n<p><\/p>\n","protected":false},"excerpt":{"rendered":"<p>Comiss\u00e3o Organizadora Comiss\u00e3o de Honra Ministros Embaixador Secret\u00e1ria de Estado Membros Comiss\u00e3o Cient\u00edfica<\/p>\n","protected":false},"author":2055,"featured_media":0,"parent":0,"menu_order":3,"comment_status":"closed","ping_status":"closed","template":"","meta":{"footnotes":""},"class_list":["post-38","page","type-page","status-publish","hentry"],"_links":{"self":[{"href":"https:\/\/fe.up.pt\/ces2026\/wp-json\/wp\/v2\/pages\/38","targetHints":{"allow":["GET"]}}],"collection":[{"href":"https:\/\/fe.up.pt\/ces2026\/wp-json\/wp\/v2\/pages"}],"about":[{"href":"https:\/\/fe.up.pt\/ces2026\/wp-json\/wp\/v2\/types\/page"}],"author":[{"embeddable":true,"href":"https:\/\/fe.up.pt\/ces2026\/wp-json\/wp\/v2\/users\/2055"}],"replies":[{"embeddable":true,"href":"https:\/\/fe.up.pt\/ces2026\/wp-json\/wp\/v2\/comments?post=38"}],"version-history":[{"count":45,"href":"https:\/\/fe.up.pt\/ces2026\/wp-json\/wp\/v2\/pages\/38\/revisions"}],"predecessor-version":[{"id":734,"href":"https:\/\/fe.up.pt\/ces2026\/wp-json\/wp\/v2\/pages\/38\/revisions\/734"}],"wp:attachment":[{"href":"https:\/\/fe.up.pt\/ces2026\/wp-json\/wp\/v2\/media?parent=38"}],"curies":[{"name":"wp","href":"https:\/\/api.w.org\/{rel}","templated":true}]}}