{"id":279,"date":"2017-01-31T14:58:00","date_gmt":"2017-01-31T14:58:00","guid":{"rendered":"https:\/\/web.fe.up.pt\/~bim\/?page_id=279"},"modified":"2017-02-01T16:39:57","modified_gmt":"2017-02-01T16:39:57","slug":"parceiros","status":"publish","type":"page","link":"https:\/\/fe.up.pt\/bim\/acerca\/parceiros\/","title":{"rendered":"Parceiros"},"content":{"rendered":"<table style=\"width: 100%;\">\n<tbody>\n<tr>\n<td><strong>Institucionais<\/strong><\/td>\n<td><\/td>\n<\/tr>\n<tr>\n<td><\/td>\n<td><a href=\"https:\/\/paginas.fe.up.pt\/~dec\/\" target=\"_blank\">Departamento de Engenharia Civil da Faculdade de Engenharia da Universidade do Porto<\/a><\/td>\n<\/tr>\n<tr>\n<td><\/td>\n<td><a href=\"https:\/\/paginas.fe.up.pt\/~ntiec\/\" target=\"_blank\">NTIEC \u2013 N\u00facleo de Tecnologias de Informa\u00e7\u00e3o na Engenharia Civil<\/a><\/td>\n<\/tr>\n<tr>\n<td><strong>Empresas<\/strong><\/td>\n<td><\/td>\n<\/tr>\n<tr>\n<td><\/td>\n<td><\/td>\n<\/tr>\n<tr>\n<td><strong>Software<\/strong><\/td>\n<td><\/td>\n<\/tr>\n<tr>\n<td><\/td>\n<td><\/td>\n<\/tr>\n<\/tbody>\n<\/table>\n","protected":false},"excerpt":{"rendered":"<p>Institucionais Departamento de Engenharia Civil da Faculdade de Engenharia da Universidade do Porto NTIEC \u2013 N\u00facleo de Tecnologias de Informa\u00e7\u00e3o na Engenharia Civil Empresas Software<\/p>\n","protected":false},"author":2,"featured_media":0,"parent":255,"menu_order":0,"comment_status":"closed","ping_status":"closed","template":"","meta":{"om_disable_all_campaigns":false,"_monsterinsights_skip_tracking":false,"_monsterinsights_sitenote_active":false,"_monsterinsights_sitenote_note":"","_monsterinsights_sitenote_category":0,"footnotes":""},"class_list":["post-279","page","type-page","status-publish","hentry","post"],"aioseo_notices":[],"_links":{"self":[{"href":"https:\/\/fe.up.pt\/bim\/wp-json\/wp\/v2\/pages\/279","targetHints":{"allow":["GET"]}}],"collection":[{"href":"https:\/\/fe.up.pt\/bim\/wp-json\/wp\/v2\/pages"}],"about":[{"href":"https:\/\/fe.up.pt\/bim\/wp-json\/wp\/v2\/types\/page"}],"author":[{"embeddable":true,"href":"https:\/\/fe.up.pt\/bim\/wp-json\/wp\/v2\/users\/2"}],"replies":[{"embeddable":true,"href":"https:\/\/fe.up.pt\/bim\/wp-json\/wp\/v2\/comments?post=279"}],"version-history":[{"count":16,"href":"https:\/\/fe.up.pt\/bim\/wp-json\/wp\/v2\/pages\/279\/revisions"}],"predecessor-version":[{"id":450,"href":"https:\/\/fe.up.pt\/bim\/wp-json\/wp\/v2\/pages\/279\/revisions\/450"}],"up":[{"embeddable":true,"href":"https:\/\/fe.up.pt\/bim\/wp-json\/wp\/v2\/pages\/255"}],"wp:attachment":[{"href":"https:\/\/fe.up.pt\/bim\/wp-json\/wp\/v2\/media?parent=279"}],"curies":[{"name":"wp","href":"https:\/\/api.w.org\/{rel}","templated":true}]}}